{"id":34894,"date":"2025-12-19T17:11:18","date_gmt":"2025-12-19T10:11:18","guid":{"rendered":"https:\/\/dps.media\/?page_id=34894"},"modified":"2025-12-19T23:07:49","modified_gmt":"2025-12-19T16:07:49","slug":"translationsvps-%e5%af%b9%e6%af%94%e4%b8%93%e4%b8%9a%e7%89%88","status":"publish","type":"page","link":"https:\/\/dps.media\/zh\/translationsvps-%e5%af%b9%e6%af%94%e4%b8%93%e4%b8%9a%e7%89%88\/","title":{"rendered":"VPS \u5bf9\u6bd4\u4e13\u4e1a\u7248"},"content":{"rendered":"<?xml encoding=\"utf-8\" ?><p><code><div id=\"vcp-compare-pro-1\" style=\"max-width:100% !important; display:block !important;\"><\/div><\/code><br><\/p><hr class=\"wp-block-separator has-alpha-channel-opacity\"><h1 class=\"wp-block-heading\">\u0110\u1eebng \u0111\u1ec3 \u201cTh\u00f4ng s\u1ed1 Marketing\u201d \u0111\u00e1nh l\u1eeba: T\u1ea1i sao b\u1ea1n c\u1ea7n VPS Compare Pro \u0111\u1ec3 ch\u1ecdn m\u00e1y ch\u1ee7?<\/h1><p>\u5728\u9009\u62e9\u8d2d\u4e70 VPS \u65f6\uff0c\u6211\u4eec\u901a\u5e38\u53ea\u770b\u90a3\u4e9b\u6570\u5b57\uff1a2 vCPU\u30014GB RAM\u300180GB SSD\u3002\u4f46\u4f60\u6709\u6ca1\u6709\u60f3\u8fc7\uff0c\u4e3a\u4ec0\u4e48\u540c\u6837\u7684\u53c2\u6570\uff0cA \u63d0\u4f9b\u5546\u7684 VPS \u8fd0\u884c\u5e94\u7528\u6d41\u7545\uff0c\u800c B \u63d0\u4f9b\u5546\u7684\u5374\u7ecf\u5e38\u5361\u987f\u6216\u5904\u7406\u6570\u636e\u7f13\u6162\uff1f<\/p><p>\u90a3\u5c31\u662f\u00a0<strong><a href=\"https:\/\/dps.media\/zh\/translationsvps-%e5%af%b9%e6%af%94%e4%b8%93%e4%b8%9a%e7%89%88\/\">VPS \u5bf9\u6bd4\u4e13\u4e1a\u7248<\/a><\/strong>\u00a0\u2013 c\u00f4ng c\u1ee5 s\u00e0ng l\u1ecdc v\u00e0 so s\u00e1nh VPS chuy\u00ean nghi\u1ec7p \u2013 tr\u1edf th\u00e0nh tr\u1ee3 th\u1ee7 \u0111\u1eafc l\u1ef1c c\u1ee7a b\u1ea1n.<\/p><h2 class=\"wp-block-heading\">1. B\u1ea3n ch\u1ea5t b\u00ean sau nh\u1eefng th\u00f4ng s\u1ed1 \u201cv\u00f4 h\u1ed3n\u201d<\/h2><p>CPU \u6216 RAM \u53c2\u6570\u53ea\u662f\u51b0\u5c71\u4e00\u89d2\u3002\u670d\u52a1\u5668\u7684\u771f\u5b9e\u6027\u80fd\u5728\u4e8e\uff1a<\/p><ul class=\"wp-block-list\">\n<li><strong>IOPS (Input\/Output Operations Per Second)\uff1a<\/strong>\u00a0\u78c1\u76d8\u8bfb\u5199\u901f\u5ea6\u3002\u8fd9\u662f Database (MySQL\u3001MongoDB) \u548c\u65e5\u5fd7\u5904\u7406\u7cfb\u7edf\u6700\u91cd\u8981\u7684\u6307\u6807\u3002SSD \u4f46 IOPS \u4f4e\u7684 VPS \u4f1a\u5bfc\u81f4\u7f51\u7ad9\u5728\u591a\u4eba\u8bbf\u95ee\u65f6\u52a0\u8f7d\u6781\u6162\u3002.<\/li>\n\n\n\n<li><strong>Disk Speed (MB\/s)\uff1a<\/strong>\u00a0\u5927\u6587\u4ef6\u590d\u5236\u901f\u5ea6\u3002.<\/li>\n\n\n\n<li><strong>Network Speed\uff1a<\/strong>\u00a0T\u1ed1c \u0111\u1ed9 m\u1ea1ng th\u1ef1c t\u1ebf (Upload\/Download) ch\u1ee9 kh\u00f4ng ph\u1ea3i con s\u1ed1 \u201cb\u0103ng th\u00f4ng kh\u00f4ng gi\u1edbi h\u1ea1n\u201d tr\u00ean qu\u1ea3ng c\u00e1o.<\/li>\n<\/ul><p><strong>VPS \u5bf9\u6bd4\u4e13\u4e1a\u7248<\/strong>\u00a0l\u1ea5y d\u1eef li\u1ec7u t\u1eeb h\u00e0ng ng\u00e0n b\u00e0i test th\u1ef1c t\u1ebf (benchmark), gi\u00fap b\u1ea1n th\u1ea5y \u0111\u01b0\u1ee3c s\u1ee9c m\u1ea1nh th\u1eadt s\u1ef1 c\u1ee7a m\u00e1y ch\u1ee7 \u201cngay v\u00e0 lu\u00f4n\u201d m\u00e0 kh\u00f4ng c\u1ea7n ph\u1ea3i b\u1ecf ti\u1ec1n ra mua v\u1ec1 tr\u1ea3i nghi\u1ec7m th\u1eed.<\/p><h2 class=\"wp-block-heading\">2. T\u00ecm VPS ph\u00f9 h\u1ee3p ch\u1ec9 trong 30 gi\u00e2y v\u1edbi b\u1ed9 l\u1ecdc \u201cScreener\u201d<\/h2><p>\u65e0\u9700\u6d4f\u89c8\u4e0d\u540c\u63d0\u4f9b\u5546\u7684\u6570\u5341\u4e2a\u7f51\u9875\uff0c\u4f60\u53ef\u4ee5\u4f7f\u7528\u6211\u4eec\u7684\u667a\u80fd\u8fc7\u6ee4\u5668\uff1a<\/p><ul class=\"wp-block-list\">\n<li><strong>\u6309\u8d44\u6e90\u8fc7\u6ee4\uff1a<\/strong>\u00a0\u4f60\u9700\u8981\u81f3\u5c11 4 \u6838\u548c 16GB RAM\uff1f\u53ea\u9700\u62d6\u52a8\u6ed1\u5757\uff0c\u5217\u8868\u5c31\u4f1a\u81ea\u52a8\u66f4\u65b0\u3002.<\/li>\n\n\n\n<li><strong>\u6309\u4fe1\u8a89\u63d0\u4f9b\u5546\u8fc7\u6ee4\uff1a<\/strong>\u00a0\u6211\u4eec\u4f18\u5148\u663e\u793a\u6709\u4e30\u5bcc\u4e14\u900f\u660e benchmark \u6570\u636e\u7684 Provider\u3002.<\/li>\n\n\n\n<li><strong>\u81ea\u52a8\u6309 IOPS \u6392\u5e8f\uff1a<\/strong>\u00a0\u0110\u00e2y l\u00e0 t\u00ednh n\u0103ng \u201c\u0103n ti\u1ec1n\u201d nh\u1ea5t. H\u1ec7 th\u1ed1ng s\u1ebd m\u1eb7c \u0111\u1ecbnh \u0111\u01b0a nh\u1eefng m\u00e1y ch\u1ee7 c\u00f3 \u1ed5 \u0111\u0129a nhanh nh\u1ea5t l\u00ean \u0111\u1ea7u, gi\u00fap b\u1ea1n ch\u1ecdn \u0111\u00fang Cloud Server cho c\u00e1c t\u00e1c v\u1ee5 n\u1eb7ng.<\/li>\n<\/ul><iframe src=\"https:\/\/meta.dpsmedia.vn\/public\/question\/832fca5c-716f-4ddb-844c-bbd7ee973ed8\" frameborder=\"0\" width=\"100%\" height=\"600\" allowtransparency><\/iframe><h2 class=\"wp-block-heading\">3. \u76f4\u89c2\u3001\u4e13\u4e1a\u754c\u9762<\/h2><p>\u51ed\u501f\u73b0\u4ee3\u5361\u7247\uff08Cards\uff09\u8bbe\u8ba1\uff0c\u60a8\u53ef\u4ee5\u5feb\u901f\u6bd4\u8f83\u5404\u4f9b\u5e94\u5546\u4e4b\u95f4\u7684\u5173\u952e\u6307\u6807\u3002\u6bcf\u5f20 VPS \u5361\u7247\u90fd\u9644\u5e26\u6309\u94ae\u00a0<strong>\u201cDetails\u201d<\/strong>\u00a0\u4ee5\u4fbf\u60a8\u67e5\u770b\u6709\u5173\u7a33\u5b9a\u6027\u548c\u5176\u4ed6\u6df1\u5165\u53c2\u6570\u7684\u8be6\u7ec6\u62a5\u544a\u3002.<\/p><h2 class=\"wp-block-heading\">4. \u4e3a\u4ec0\u4e48\u8fd9\u4e2a\u5de5\u5177\u5bf9\u8d8a\u5357\u7528\u6237\u6709\u7528\uff1f<\/h2><p>\u8d8a\u5357\u548c\u56fd\u9645 VPS \u5e02\u573a\u6b63\u5728\u6781\u5ea6\u7206\u53d1\uff0c\u6709\u6570\u767e\u5bb6\u4f9b\u5e94\u5546\u3002\u57fa\u4e8e\u611f\u89c9\u6216\u4f4e\u4ef7\u9009\u62e9\u901a\u5e38\u4f1a\u5bfc\u81f4\u9519\u8bef\uff1a<\/p><ul class=\"wp-block-list\">\n<li><strong>\u8282\u7701\u9884\u7b97\uff1a<\/strong>\u00a0\u907f\u514d\u4e70\u9519\u5f31VPS\uff0c\u5fc5\u987b\u4e0d\u65ad\u5347\u7ea7\u3002.<\/li>\n\n\n\n<li><strong>{\"translations\":[{\"SEO \u4f18\u5316\uff1a\"}]}<\/strong>\u00a0\u670d\u52a1\u5668\u54cd\u5e94\u901f\u5ea6 (TTFB) \u826f\u597d\u6709\u52a9\u4e8e\u7f51\u7ad9\u5728 Google \u4e0a\u83b7\u5f97\u66f4\u9ad8\u7684\u6392\u540d\u3002.<\/li>\n\n\n\n<li><strong>\u900f\u660e\u5ea6\uff1a<\/strong>\u00a0{\"translations\":[{\"\u6211\u4eec\u4e0d\u5bf9\u4efb\u4f55\u4f9b\u5e94\u5546\u6709\u504f\u89c1\u3002\u6570\u636e\u8bf4\u660e\u4e00\u5207\uff01\"}]}<\/li>\n<\/ul><h2 class=\"wp-block-heading\">\u603b\u7ed3<\/h2><p>{\"translations\":[{\"\u5728\u6570\u5b57\u65f6\u4ee3\uff0c\u6570\u636e\u5c31\u662f\u9ec4\u91d1\u3002\u4e0d\u8981\u57fa\u4e8e\u5e7f\u544a\u9009\u62e9\u4e3b\u673a\uff0c\u8bf7\u57fa\u4e8e\"}]}\u00a0<strong>\u5b9e\u9645\u6027\u80fd<\/strong>.<\/p><p>\u4f53\u9a8c\u5de5\u5177\u00a0<strong>VPS \u5bf9\u6bd4\u4e13\u4e1a\u7248<\/strong>\u00a0ngay h\u00f4m nay t\u1ea1i [Link website c\u1ee7a b\u1ea1n] \u0111\u1ec3 t\u00ecm cho m\u00ecnh m\u1ed9t \u201cm\u00e1i nh\u00e0\u201d v\u1eefng ch\u1eafc v\u00e0 nhanh nh\u1ea5t cho website c\u1ee7a b\u1ea1n!<\/p><hr class=\"wp-block-separator has-alpha-channel-opacity\"><p><em>{\"translations\":[{\"\u60a8\u662f VPS \u63d0\u4f9b\u5546\uff0c\u60f3\u8981\u5411\u6b63\u786e\u7684\u76ee\u6807\u5ba2\u6237\u7fa4\u4f53\u63a8\u5e7f\u670d\u52a1\uff1f\u8bf7\u901a\u8fc7\u4ee5\u4e0b\u65b9\u5f0f\u8054\u7cfb\u6211\u4eec\uff1a\"}]}\u00a0<strong><\/strong><\/em><em><strong>marketing@dps.media<\/strong>\u00a0\u4ee5\u5728\u8be5\u6bd4\u8f83\u9875\u9762\u4e0a\u7acb\u5373\u653e\u7f6e\u8d5e\u52a9\u6a2a\u5e45\uff01<\/em><\/p><p><\/p>","protected":false},"excerpt":{"rendered":"<p>\u0110\u1eebng \u0111\u1ec3 \u201cTh\u00f4ng s\u1ed1 Marketing\u201d \u0111\u00e1nh l\u1eeba: T\u1ea1i sao b\u1ea1n c\u1ea7n VPS Compare Pro \u0111\u1ec3 ch\u1ecdn m\u00e1y ch\u1ee7?Khi ch\u1ecdn mua VPS, ch\u00fang ta th\u01b0\u1eddng ch\u1ec9 nh\u00ecn v\u00e0o nh\u1eefng con s\u1ed1 nh\u01b0: 2 vCPU, 4GB RAM, 80GB SSD. Nh\u01b0ng c\u00f3 bao gi\u1edd b\u1ea1n th\u1eafc m\u1eafc t\u1ea1i sao c\u00f9ng m\u1ed9t th\u00f4ng s\u1ed1 \u0111\u00f3, nh\u01b0ng VPS c\u1ee7a nh\u00e0 [&hellip;]<\/p>","protected":false},"author":1,"featured_media":34913,"parent":0,"menu_order":0,"comment_status":"closed","ping_status":"closed","template":"","meta":{"_acf_changed":false,"footnotes":""},"class_list":["post-34894","page","type-page","status-publish","has-post-thumbnail","hentry"],"acf":[],"rankmath_keywords":{"primary":"","secondary":[""]},"yoast_keywords":{"primary":"","secondary":[]},"yoast_focuskw":"","rankmath_focuskw":"","seo_keywords":{"primary":"","secondary":[""]},"_links":{"self":[{"href":"https:\/\/dps.media\/zh\/wp-json\/wp\/v2\/pages\/34894","targetHints":{"allow":["GET"]}}],"collection":[{"href":"https:\/\/dps.media\/zh\/wp-json\/wp\/v2\/pages"}],"about":[{"href":"https:\/\/dps.media\/zh\/wp-json\/wp\/v2\/types\/page"}],"author":[{"embeddable":true,"href":"https:\/\/dps.media\/zh\/wp-json\/wp\/v2\/users\/1"}],"replies":[{"embeddable":true,"href":"https:\/\/dps.media\/zh\/wp-json\/wp\/v2\/comments?post=34894"}],"version-history":[{"count":6,"href":"https:\/\/dps.media\/zh\/wp-json\/wp\/v2\/pages\/34894\/revisions"}],"predecessor-version":[{"id":35398,"href":"https:\/\/dps.media\/zh\/wp-json\/wp\/v2\/pages\/34894\/revisions\/35398"}],"wp:featuredmedia":[{"embeddable":true,"href":"https:\/\/dps.media\/zh\/wp-json\/wp\/v2\/media\/34913"}],"wp:attachment":[{"href":"https:\/\/dps.media\/zh\/wp-json\/wp\/v2\/media?parent=34894"}],"curies":[{"name":"wp","href":"https:\/\/api.w.org\/{rel}","templated":true}]}}