{"id":27515,"date":"2025-07-21T20:50:51","date_gmt":"2025-07-21T13:50:51","guid":{"rendered":"https:\/\/dps.media\/?page_id=27515"},"modified":"2025-12-24T17:02:42","modified_gmt":"2025-12-24T10:02:42","slug":"%e6%94%be%e7%bd%ae-facebook-%e7%94%a8%e6%88%b7-id","status":"publish","type":"page","link":"https:\/\/dps.media\/zh\/%e6%94%be%e7%bd%ae-facebook-%e7%94%a8%e6%88%b7-id\/","title":{"rendered":"\u83b7\u53d6 Facebook Uid"},"content":{"rendered":"<?xml encoding=\"utf-8\" ?><div class=\"uid-finder-wrapper\" data-uid-root>\n\t\t\t<div class=\"uid-container\">\n\t\t\t\t<button type=\"button\" class=\"uid-clear-btn\" data-uid-clear style=\"display: none;\">\u5220\u9664\u5168\u90e8<\/button>\n\n\t\t\t\t<div class=\"uid-header\">\n\t\t\t\t\t<div class=\"uid-logo\"><\/div>\n\t\t\t\t\t<h1>\u83b7\u53d6Facebook UID<\/h1>\n\t\t\t\t\t<p class=\"uid-subtitle\">\u7b80\u5355\u9ad8\u6548\u7684\u5de5\u5177 \u2022 \u6700\u591a\u652f\u630120\u4e2aURL<\/p>\n\t\t\t\t<\/div>\n\n\t\t\t\t<div class=\"uid-form\">\n\t\t\t\t\t<form data-uid-form action=\"\">\n\t\t\t\t\t\t<div class=\"uid-input-group\">\n\t\t\t\t\t\t\t<textarea class=\"uid-textarea\" data-uid-textarea placeholder=\"\u8f93\u5165Facebook URL\uff0c\u6bcf\u884c\u4e00\u4e2aURL\uff1ahttps:\/\/www.facebook.com\/username1https:\/\/www.facebook.com\/username2https:\/\/www.facebook.com\/username3\" required spellcheck=\"false\" maxlength=\"2000\"><\/textarea>\n\t\t\t\t\t\t\t<div class=\"url-counter\" data-uid-counter>0\/20<\/div>\n\t\t\t\t\t\t<\/div>\n\n\t\t\t\t\t\t<button type=\"submit\" class=\"uid-btn\" data-uid-submit>\n\t\t\t\t\t\t\t<span data-uid-btn-text>\ud83d\ude80 \u83b7\u53d6UID (0 URL)<\/span>\n\t\t\t\t\t\t<\/button>\n\t\t\t\t\t<input type=\"hidden\" name=\"trp-form-language\" value=\"zh\"\/><\/form>\n\n\t\t\t\t\t<div class=\"uid-progress\" data-uid-progress>\n\t\t\t\t\t\t<div class=\"uid-progress-bar\">\n\t\t\t\t\t\t\t<div class=\"uid-progress-fill\" data-uid-progress-fill><\/div>\n\t\t\t\t\t\t<\/div>\n\t\t\t\t\t\t<div class=\"uid-progress-text\" data-uid-progress-text>\u6b63\u5728\u5904\u7406 0\/20<\/div>\n\t\t\t\t\t<\/div>\n\n\t\t\t\t\t<div class=\"uid-results\" data-uid-results><\/div>\n\t\t\t\t\t<button type=\"button\" class=\"uid-copy-all-btn\" data-uid-copy-all>\ud83d\udccb \u590d\u5236\u6240\u6709\u7ed3\u679c<\/button>\n\t\t\t\t\t<button type=\"button\" class=\"uid-download-excel-btn\" data-uid-download>\ud83d\udcca \u4e0b\u8f7dExcel<\/button>\n\t\t\t\t\t<div class=\"uid-error\" data-uid-error><\/div>\n\t\t\t\t<\/div>\n\t\t\t<\/div>\n\t\t<\/div><hr class=\"wp-block-separator has-alpha-channel-opacity\"><p><a href=\"https:\/\/dps.media\/zh\/dich-vu-mua-ban-fanpage-facebook-chinh-chu-uy-tin-100\/\">100%\u6b63\u4e3b\u3001\u53ef\u4fe1\u8d56\u7684Facebook\u7c89\u4e1d\u9875\u4e70\u5356\u670d\u52a1<br><\/a><a href=\"https:\/\/dps.media\/zh\/facebook-%e7%a7%8d%e5%ad%90%e6%9c%8d%e5%8a%a1-%e4%be%bf%e5%ae%9c%e5%a5%97%e9%a4%90-%e8%b5%a0%e9%80%81%e7%82%b9%e8%b5%9e%e8%af%84%e8%ae%ba\/\">Facebook\u64ad\u79cd\u670d\u52a1\u4f4e\u4ef7\u5168\u5305 \u2013 \u589e\u52a0\u70b9\u8d5e\u3001\u8bc4\u8bba<br><\/a><a href=\"https:\/\/dps.media\/en\/common-issues-when-using-facebook-lite-and-how-to-fix-them\/\">\u4f7f\u7528 Facebook Lite \u65f6\u7684\u5e38\u89c1\u9519\u8bef\u53ca\u4fee\u590d\u65b9\u6cd5<br><\/a><a href=\"https:\/\/dps.media\/zh\/%e5%a2%9e%e5%8a%a0facebook%e7%be%a4%e7%bb%84%e6%88%90%e5%91%98-9%e7%a7%8d%e7%ae%80%e5%8d%95%e6%96%b9%e6%b3%95\/\">\u63d0\u5347Facebook\u7fa4\u7ec4\u6210\u5458\u2014\u20149\u4e2a\u7b80\u5355\u6613\u884c\u7684\u65b9\u6cd5<br><\/a><a href=\"https:\/\/dps.media\/zh\/%e6%94%b6%e8%b4%ad%e4%bb%bb%e4%bd%95%e6%9c%89%e5%88%a9%e5%8f%af%e5%9b%be%e7%9a%84facebook%e7%b2%89%e4%b8%9d%e9%a1%b5%ef%bc%8c%e5%b8%82%e5%9c%ba%e4%bb%b7%e6%a0%bc\/\">\u6536\u8d2d\u5df2\u5f00\u542f\u76c8\u5229\u529f\u80fd\u7684Facebook\u7c89\u4e1d\u4e13\u9875\u2014\u2014\u4f18\u52bf\u4e0e\u5e02\u573a\u4ef7\u683c<br><\/a><a href=\"https:\/\/dps.media\/zh\/%e5%af%bb%e6%89%be%e5%8f%af%e9%9d%a0%e5%8d%95%e4%bd%8d%e4%b9%b0%e5%8d%96facebook%e7%be%a4%e7%bb%84%e7%9a%84%e7%bb%8f%e9%aa%8c\/\">\u5bfb\u627e\u4fe1\u8a89\u826f\u597d\u7684Facebook\u7fa4\u7ec4\u4e70\u5356\u5355\u4f4d\u7684\u7ecf\u9a8c<br><\/a><a href=\"https:\/\/dps.media\/zh\/2025%e5%b9%b4facebook%e7%b2%89%e4%b8%9d%e9%a1%b5%e4%bb%b7%e6%a0%bc%e8%a1%a8%ef%bc%8c%e5%b8%a6%e8%93%9d%e6%a0%87%e5%92%8c%e5%a4%a7%e9%87%8f%e7%82%b9%e8%b5%9e%e7%9a%84%e9%a1%b5%e9%9d%a2%e4%b9%b0\/\">2025\u5e74Facebook\u7c89\u4e1d\u4e13\u9875\u4ef7\u683c\uff1a\u84ddV\u8ba4\u8bc1\u53ca\u9ad8\u8d5e\u4e13\u9875\u4e70\u5356\u4ef7\u76ee\u8868<br><\/a><a href=\"https:\/\/dps.media\/zh\/facebook%e7%b2%89%e4%b8%9d%e9%a1%b5%e9%9d%a2%e4%bb%b7%e6%a0%bc%e8%a1%a8-1%e4%b8%87-2%e4%b8%87%e7%82%b9%e8%b5%9e-%e8%93%9d%e6%a0%87%e8%ae%a4%e8%af%81\/\">Facebook\u7c89\u4e1d\u9875\u552e\u4ef7\u8868 \u2013 10K\u300120K\u70b9\u8d5e\u7c89\u4e1d\u9875\uff0c\u84ddV\u8ba4\u8bc1<br><\/a><a href=\"https:\/\/dps.media\/zh\/%e7%9b%ae%e5%89%8dfacebook%e4%b9%b0%e5%8d%96%e7%be%a4%e7%9a%84%e4%bb%b7%e6%a0%bc%e6%98%af%e5%a4%9a%e5%b0%91\/\">\u5f53\u524dFacebook\u7fa4\u7ec4\u4e70\u5356\u4ef7\u683c\u662f\u591a\u5c11\uff1f<\/a><\/p><hr class=\"wp-block-separator has-alpha-channel-opacity\"><p>\ud83d\udce2 <strong>\u6700\u65b0\u66f4\u65b0 (22\/09\/2025):<\/strong><br>DPS.MEDIA\u6b63\u5f0f\u53d1\u5e03 <strong>\u6279\u91cfFacebook\u8f6cUID\u529f\u80fd<\/strong> \u2013 \u5141\u8bb8\u60a8\u83b7\u53d6 <strong>\u4e00\u6b21\u6700\u591a\u4ece20\u4e2aFacebook URL\u6279\u91cf\u83b7\u53d6UID<\/strong>\u3002\u6b64\u529f\u80fd\u4e3a\u8425\u9500\u4eba\u5458\u3001\u5e7f\u544a\u5546\u6216\u5f00\u53d1\u8005\u5728\u9700\u8981\u540c\u65f6\u5904\u7406\u591a\u4e2a\u8d26\u6237\u3001\u7c89\u4e1d\u9875\u9762\u6216\u7fa4\u7ec4\u65f6\u8282\u7701\u5927\u91cf\u65f6\u95f4\u3002<\/p><p>\ud83d\udc49 \u65e0\u9700\u624b\u52a8\u9010\u4e2a\u8f93\u5165\u94fe\u63a5\uff0c\u73b0\u5728\u60a8\u53ea\u9700\u5c06\u591a\u4e2aURL\u7c98\u8d34\u5230\u4e00\u4e2a\u8f93\u5165\u6846\u4e2d\uff0c\u5de5\u5177\u5c06\u5728\u51e0\u79d2\u949f\u5185\u81ea\u52a8\u8fd4\u56de\u51c6\u786e\u7684UID\u5217\u8868\u3002<\/p><hr class=\"wp-block-separator has-alpha-channel-opacity\"><p>\u4f60\u662f\u5e02\u573a\u8425\u9500\u4eba\u5458\u3001\u5e7f\u544a\u4e3b\u8fd8\u662f\u7a0b\u5e8f\u5458\uff1f\u4f60\u662f\u5426\u7ecf\u5e38\u9700\u8981\u67e5\u627e\u67d0\u4e2a Facebook \u8d26\u6237\u7684 UID\uff08\u7528\u6237 ID\uff09\u4ee5\u4fbf\u8fdb\u884c\u5e7f\u544a\u5b9a\u4f4d\u3001\u4f7f\u7528\u8425\u9500\u5de5\u5177\u6216\u5c06\u6210\u5458\u6dfb\u52a0\u5230\u7fa4\u7ec4\uff0c\u4f46\u5374\u9047\u5230\u624b\u52a8\u65b9\u6cd5\u590d\u6742\u7684\u95ee\u9898\uff1f<\/p><p>\u4e86\u89e3\u8fd9\u4e00\u9700\u6c42\uff0c <strong><a class=\"wpil_keyword_link\" href=\"https:\/\/dps.media\/zh\/\" title=\"DPS.MEDIA \u80a1\u4efd\u516c\u53f8\" data-wpil-keyword-link=\"linked\" data-wpil-monitor-id=\"32\">DPS.MEDIA<\/a><\/strong> \u5f00\u53d1\u5e76\u63a8\u51fa\u4e86\u4e00\u4e2a\u5de5\u5177 <strong>\u83b7\u53d6Facebook UID<\/strong> \u5b8c\u5168\u514d\u8d39\uff0c\u5e2e\u52a9\u4f60\u5728\u51e0\u79d2\u949f\u5185\u89e3\u51b3\u95ee\u9898\uff0c\u754c\u9762\u76f4\u89c2\u4e14\u9ad8\u6548\u3002<\/p><h2 class=\"wp-block-heading\"><strong>\u4ec0\u4e48\u662f Facebook UID\uff1f<\/strong><\/h2><p><strong>UID\uff08\u7528\u6237 ID\uff09<\/strong> \u662f Facebook \u5206\u914d\u7ed9\u6bcf\u4e2a\u7528\u6237\u8d26\u6237\u3001\u7c89\u4e1d\u9875\u6216\u7fa4\u7ec4\u7684\u552f\u4e00\u6807\u8bc6\u6570\u5b57\u3002\u4f60\u53ef\u4ee5\u628a\u5b83\u60f3\u8c61\u6210\u4f60\u5728 Facebook \u5e73\u53f0\u4e0a\u7684\u8eab\u4efd\u8bc1\u53f7\u7801\u3002\u7528\u6237\u540d\uff08username\uff09\u6216\u94fe\u63a5\uff08URL\uff09\u53ef\u80fd\u4f1a\u66f4\u6539\uff0c\u4f46 UID \u662f\u4e00\u4e2a <strong>\u56fa\u5b9a\u4e14\u6c38\u8fdc\u4e0d\u4f1a\u6539\u53d8\u7684\u6570\u5b57\u3002<\/strong>.<\/p><h2 class=\"wp-block-heading\"><strong>\u4e3a\u4ec0\u4e48\u83b7\u53d6 Facebook UID \u5f88\u91cd\u8981\uff1f<\/strong><\/h2><p>\u786e\u5b9a UID \u5e26\u6765\u4e86\u8bb8\u591a\u597d\u5904\uff0c\u7279\u522b\u662f\u5728\u6570\u5b57\u8425\u9500\u9886\u57df\uff1a<\/p><ul class=\"wp-block-list\">\n<li><strong>\ud83c\udfaf \u9ad8\u7ea7\u5e7f\u544a\u5b9a\u4f4d\uff1a<\/strong> \u4f7f\u7528 UID \u5217\u8868\u521b\u5efa\u81ea\u5b9a\u4e49\u53d7\u4f17\uff08Custom Audience\uff09\uff0c\u5e2e\u52a9 Facebook \u5e7f\u544a\u7cbe\u51c6\u89e6\u8fbe\u6f5c\u5728\u5ba2\u6237\u3002<\/li>\n\n\n\n<li><strong>\u2699\ufe0f \u4e0e\u8425\u9500\u5de5\u5177\u4e92\u52a8\uff1a<\/strong> \u8bb8\u591a\u7b2c\u4e09\u65b9\u8f6f\u4ef6\u548c\u670d\u52a1\u9700\u8981 UID \u6765\u6267\u884c\u81ea\u52a8\u8bc4\u8bba\u3001\u81ea\u52a8\u70b9\u8d5e\u6216\u6570\u636e\u5206\u6790\u7b49\u4efb\u52a1\u3002<\/li>\n\n\n\n<li><strong>\ud83d\udc65 \u793e\u7fa4\u7ba1\u7406\uff1a<\/strong> \u8f7b\u677e\u9080\u8bf7\u670b\u53cb\u52a0\u5165\u7fa4\u7ec4\u3001\u6d3b\u52a8\u6216\u6dfb\u52a0\u7528\u6237\u5230\u7ba1\u7406\u5217\u8868\u3002<\/li>\n\n\n\n<li><strong>\ud83d\udc68\u200d\ud83d\udcbb \u5e94\u7528\u5f00\u53d1\uff1a<\/strong> \u7a0b\u5e8f\u5458\u4f7f\u7528 UID \u4e0e Facebook API \u8fdb\u884c\u4ea4\u4e92\u3002<\/li>\n<\/ul><h2 class=\"wp-block-heading\"><strong>\u4ecb\u7ecd DPS.MEDIA \u514d\u8d39\u7684 Facebook UID \u83b7\u53d6\u5de5\u5177<\/strong><\/h2><p>\ud83d\udce2 <strong>\u6700\u65b0\u66f4\u65b0 (22\/09\/2025):<\/strong><br>DPS.MEDIA\u6b63\u5f0f\u53d1\u5e03 <strong>\u6279\u91cfFacebook\u8f6cUID\u529f\u80fd<\/strong> \u2013 \u5141\u8bb8\u60a8\u83b7\u53d6 <strong>\u4e00\u6b21\u6700\u591a\u4ece20\u4e2aFacebook URL\u6279\u91cf\u83b7\u53d6UID<\/strong>\u3002\u6b64\u529f\u80fd\u4e3a\u8425\u9500\u4eba\u5458\u3001\u5e7f\u544a\u5546\u6216\u5f00\u53d1\u8005\u5728\u9700\u8981\u540c\u65f6\u5904\u7406\u591a\u4e2a\u8d26\u6237\u3001\u7c89\u4e1d\u9875\u9762\u6216\u7fa4\u7ec4\u65f6\u8282\u7701\u5927\u91cf\u65f6\u95f4\u3002<\/p><p>\ud83d\udc49 \u65e0\u9700\u624b\u52a8\u9010\u4e2a\u8f93\u5165\u94fe\u63a5\uff0c\u73b0\u5728\u60a8\u53ea\u9700\u5c06\u591a\u4e2aURL\u7c98\u8d34\u5230\u4e00\u4e2a\u8f93\u5165\u6846\u4e2d\uff0c\u5de5\u5177\u5c06\u5728\u51e0\u79d2\u949f\u5185\u81ea\u52a8\u8fd4\u56de\u51c6\u786e\u7684UID\u5217\u8868\u3002<\/p><p>\u6211\u4eec\u7684\u5de5\u5177\u8bbe\u8ba1\u6807\u51c6\u662f <strong>\u7b80\u5355\u3001\u5feb\u901f\u4e14\u5b89\u5168<\/strong>\u3002\u4f60\u65e0\u9700\u5b89\u88c5\u4efb\u4f55\u8f6f\u4ef6\u6216\u6d4f\u89c8\u5668\u6269\u5c55\u3002\u4f60\u6240\u9700\u8981\u7684\u53ea\u662f\u4e00\u4e2a Facebook \u94fe\u63a5\u3002<\/p><h2 class=\"wp-block-heading\"><strong>\u4ec5\u9700 3 \u6b65\u5373\u53ef\u8f7b\u677e\u83b7\u53d6 Facebook UID \u7684\u6307\u5357<\/strong><\/h2><p>\u4f60\u53ef\u4ee5\u6309\u7167\u4ee5\u4e0b\u6b65\u9aa4\u67e5\u627e\u4efb\u4f55\u516c\u5f00 Facebook \u8d26\u6237\u7684 ID\uff1a<\/p><ol start=\"1\" class=\"wp-block-list\">\n<li><strong>\u6b65\u9aa4 1\uff1a\u590d\u5236 Facebook \u94fe\u63a5\uff08URL\uff09\uff1a<\/strong> \u8bbf\u95ee\u4f60\u60f3\u83b7\u53d6 UID \u7684\u4e2a\u4eba\u4e3b\u9875\u3001\u7c89\u4e1d\u9875\u6216\u7fa4\u7ec4\uff0c\u590d\u5236\u5730\u5740\u680f\u4e2d\u7684\u5b8c\u6574\u94fe\u63a5\u3002<\/li>\n\n\n\n<li><strong>\u6b65\u9aa4 2\uff1a\u5c06\u94fe\u63a5\u7c98\u8d34\u5230\u5de5\u5177\u4e2d\uff1a<\/strong> \u8bbf\u95ee DPS.MEDIA \u7684\u5de5\u5177\u9875\u9762 <strong>[\u70b9\u51fb\u8fd9\u91cc]<\/strong>\uff08\u63d2\u5165\u4f60\u7684\u5de5\u5177\u94fe\u63a5\uff09\uff0c\u5e76\u5c06\u521a\u624d\u590d\u5236\u7684\u94fe\u63a5\u7c98\u8d34\u5230\u8f93\u5165\u6846\u4e2d\u3002<\/li>\n\n\n\n<li><strong>\u6b65\u9aa4 3\uff1a\u83b7\u53d6\u7ed3\u679c\uff1a<\/strong> \u70b9\u51fb\u6309\u94ae <strong>\u201cL\u1ea5y UID\u201d<\/strong>. H\u1ec7 th\u1ed1ng s\u1ebd ngay l\u1eadp t\u1ee9c x\u1eed l\u00fd v\u00e0 tr\u1ea3 v\u1ec1 d\u00e3y s\u1ed1 UID ch\u00ednh x\u00e1c. B\u1ea1n ch\u1ec9 c\u1ea7n nh\u1ea5n n\u00fat \u201cSao ch\u00e9p v\u00e0o clipboard\u201d \u0111\u1ec3 s\u1eed d\u1ee5ng.<\/li>\n<\/ol><h2 class=\"wp-block-heading\"><strong>DPS.MEDIA\u83b7\u53d6UID\u5de5\u5177\u7684\u7a81\u51fa\u4f18\u52bf<\/strong><\/h2><ul class=\"wp-block-list\">\n<li>\u2728 <strong>\u5b8c\u5168\u514d\u8d39:<\/strong> \u6211\u4eec\u63d0\u4f9b\u6b64\u5de5\u5177\uff0c\u4f7f\u7528\u6b21\u6570\u65e0\u9650\u5236\uff0c\u5b8c\u5168\u514d\u8d39\u3002<\/li>\n\n\n\n<li>\ud83d\ude80 <strong>\u6781\u5feb\u901f\u5ea6:<\/strong> \u70b9\u51fb\u6309\u94ae\u540e\uff0c\u7ed3\u679c\u51e0\u4e4e\u7acb\u5373\u8fd4\u56de\u3002<\/li>\n\n\n\n<li>\u2705 <strong>\u7edd\u5bf9\u51c6\u786e:<\/strong> \u786e\u4fdd\u627e\u5230\u4e0e\u60a8\u63d0\u4f9b\u7684\u94fe\u63a5\u5bf9\u5e94\u7684\u6b63\u786eUID\u3002<\/li>\n\n\n\n<li>\ud83d\udd10 <strong>\u5b89\u5168\u4e0e\u9690\u79c1:<\/strong> \u65e0\u9700\u767b\u5f55\uff0c\u65e0\u9700\u6388\u6743\uff0c\u4e0d\u4fdd\u5b58\u60a8\u7684\u4efb\u4f55\u4fe1\u606f\u3002<\/li>\n\n\n\n<li>\ud83d\udcf1 <strong>\u517c\u5bb9\u6240\u6709\u8bbe\u5907:<\/strong> \u754c\u9762\u6d41\u7545\u8fd0\u884c\u4e8e\u7535\u8111\u548c\u79fb\u52a8\u7535\u8bdd\u3002<\/li>\n<\/ul><h2 class=\"wp-block-heading\"><strong>\u5e38\u89c1\u95ee\u9898 (FAQ)<\/strong><\/h2><p><strong>\u83b7\u53d6\u4ed6\u4ebaUID\u5b89\u5168\u5417\uff1f<\/strong> \u5b8c\u5168\u5b89\u5168\u3002UID\u662f\u516c\u5f00\u4fe1\u606f\uff0c\u67e5\u770b\u5b83\u4e0d\u8fdd\u53cdFacebook\u4efb\u4f55\u653f\u7b56\u6216\u4fb5\u72af\u9690\u79c1\u6743\u3002<\/p><p><strong>\u5de5\u5177\u80fd\u83b7\u53d6Fanpage\u548cGroup\u7684UID\u5417\uff1f<\/strong> \u53ef\u4ee5\u3002\u6211\u4eec\u7684\u5de5\u5177\u652f\u6301\u83b7\u53d6\u4e2a\u4eba\u4e3b\u9875\u3001Fanpage\u548cFacebook\u7fa4\u7ec4\u7684UID\u3002<\/p><p><strong>\u4e3a\u4ec0\u4e48\u6211\u627e\u4e0d\u5230UID\uff1f<\/strong> \u539f\u56e0\u6709\u51e0\u4e2a\uff1a1\uff09\u60a8\u7c98\u8d34\u7684\u94fe\u63a5\u65e0\u6548\u30022\uff09\u8be5\u8d26\u6237\u88ab\u9501\u5b9a\u6216\u4e0d\u5b58\u5728\u30023\uff09\u8be5\u7528\u6237\u8bbe\u7f6e\u4e86\u975e\u5e38\u9ad8\u7684\u9690\u79c1\u6743\u9650\u3002<\/p><h2 class=\"wp-block-heading\"><strong>\u603b\u7ed3<\/strong><\/h2><p>\u4f7f\u7528\u8be5\u5de5\u5177 <strong>\u83b7\u53d6Facebook UID<\/strong> \u4ece <strong>DPS.MEDIA<\/strong>\uff0c\u67e5\u627e\u7528\u6237ID\u4ece\u672a\u5982\u6b64\u7b80\u5355\u5feb\u6377\u3002\u8bf7\u6536\u85cf\u672c\u7f51\u7ad9\u5e76\u5206\u4eab\u7ed9\u670b\u53cb\u548c\u540c\u4e8b\uff0c\u4e00\u8d77\u4f53\u9a8c\u8fd9\u6b3e\u6781\u4f73\u7684\u5b9e\u7528\u5de5\u5177\uff01<\/p><p><\/p>","protected":false},"excerpt":{"rendered":"<p>D\u1ecbch V\u1ee5 Mua B\u00e1n Fanpage Facebook Ch\u00ednh Ch\u1ee7, Uy T\u00edn 100%D\u1ecbch V\u1ee5 Seeding Facebook Gi\u00e1 R\u1ebb, Tr\u1ecdn G\u00f3i \u2013 T\u0103ng Like, CommentCommon errors when using Facebook Lite and how to fix themT\u0103ng Th\u00e0nh Vi\u00ean Group Facebook \u2013 9 C\u00e1ch \u0110\u01a1n Gi\u1ea3n, D\u1ec5 L\u00e0mThu Mua Fanpage Facebook \u0110\u00e3 B\u1eadt Ki\u1ebfm Ti\u1ec1n \u2013 L\u1ee3i \u00cdch &#038; Gi\u00e1 [&hellip;]<\/p>","protected":false},"author":1,"featured_media":27541,"parent":0,"menu_order":0,"comment_status":"closed","ping_status":"closed","template":"","meta":{"_acf_changed":false,"footnotes":""},"class_list":["post-27515","page","type-page","status-publish","has-post-thumbnail","hentry"],"acf":[],"rankmath_keywords":{"primary":"","secondary":[""]},"yoast_keywords":{"primary":"","secondary":[]},"yoast_focuskw":"","rankmath_focuskw":"","seo_keywords":{"primary":"","secondary":[""]},"_links":{"self":[{"href":"https:\/\/dps.media\/zh\/wp-json\/wp\/v2\/pages\/27515","targetHints":{"allow":["GET"]}}],"collection":[{"href":"https:\/\/dps.media\/zh\/wp-json\/wp\/v2\/pages"}],"about":[{"href":"https:\/\/dps.media\/zh\/wp-json\/wp\/v2\/types\/page"}],"author":[{"embeddable":true,"href":"https:\/\/dps.media\/zh\/wp-json\/wp\/v2\/users\/1"}],"replies":[{"embeddable":true,"href":"https:\/\/dps.media\/zh\/wp-json\/wp\/v2\/comments?post=27515"}],"version-history":[{"count":18,"href":"https:\/\/dps.media\/zh\/wp-json\/wp\/v2\/pages\/27515\/revisions"}],"predecessor-version":[{"id":35249,"href":"https:\/\/dps.media\/zh\/wp-json\/wp\/v2\/pages\/27515\/revisions\/35249"}],"wp:featuredmedia":[{"embeddable":true,"href":"https:\/\/dps.media\/zh\/wp-json\/wp\/v2\/media\/27541"}],"wp:attachment":[{"href":"https:\/\/dps.media\/zh\/wp-json\/wp\/v2\/media?parent=27515"}],"curies":[{"name":"wp","href":"https:\/\/api.w.org\/{rel}","templated":true}]}}