{"id":27046,"date":"2025-07-05T20:03:05","date_gmt":"2025-07-05T13:03:05","guid":{"rendered":"https:\/\/dps.media\/?page_id=27046"},"modified":"2026-03-28T15:47:14","modified_gmt":"2026-03-28T08:47:14","slug":"%e5%88%9b%e5%bb%ba%e9%93%b6%e8%a1%8c%e4%ba%8c%e7%bb%b4%e7%a0%81","status":"publish","type":"page","link":"https:\/\/dps.media\/zh\/%e5%88%9b%e5%bb%ba%e9%93%b6%e8%a1%8c%e4%ba%8c%e7%bb%b4%e7%a0%81\/","title":{"rendered":"\u521b\u5efa\u94f6\u884cViet QR\u7801"},"content":{"rendered":"<?xml encoding=\"utf-8\" ?><div id=\"vietqr-embed\" class=\"vqg-scope\">\n\t\t<div id=\"vietqr-toast\" class=\"vietqr-toast\">\n\t\t\t\u0110\u00e3 t\u1ea1o m\u00e3 VietQR th\u00e0nh c\u00f4ng\t\t<\/div>\n\t\t<div class=\"vietqr-wrap\">\n\t\t\t<div class=\"vietqr-grid\">\n\t\t\t\t<section class=\"vietqr-panel vietqr-form-panel\">\n\t\t\t\t\t<div class=\"vqg-panel-title\" role=\"heading\" aria-level=\"2\">Th\u00f4ng tin thi\u1ebft l\u1eadp m\u00e3 VietQR<\/div>\n\t\t\t\t\t<div class=\"vietqr-sub\">Nh\u1eadp \u0111\u00fang th\u00f4ng tin \u0111\u1ec3 t\u1ea1o m\u00e3 chuy\u1ec3n kho\u1ea3n ch\u00ednh x\u00e1c.<\/div>\n\n\t\t\t\t\t<form id=\"vqg-form\" autocomplete=\"off\" action=\"\">\n\t\t\t\t\t\t<div class=\"vq-field-wrap dropdown-wrap\">\n\t\t\t\t\t\t\t<label class=\"vq-label\">Ng\u00e2n h\u00e0ng th\u1ee5 h\u01b0\u1edfng *<\/label>\n\t\t\t\t\t\t\t<div class=\"custom-dropdown\">\n\t\t\t\t\t\t\t\t<div id=\"vqg-bank-dropdown\" class=\"dropdown-selected\" tabindex=\"0\" role=\"button\" aria-expanded=\"false\">\n\t\t\t\t\t\t\t\t\t<span class=\"selected-text\">Ch\u1ecdn ng\u00e2n h\u00e0ng<\/span>\n\t\t\t\t\t\t\t\t\t<span class=\"caret\">\u25be<\/span>\n\t\t\t\t\t\t\t\t<\/div>\n\t\t\t\t\t\t\t\t<div id=\"vqg-bank-menu\" class=\"dropdown-menu\">\n\t\t\t\t\t\t\t\t\t<div class=\"dropdown-search-wrap\">\n\t\t\t\t\t\t\t\t\t\t<input type=\"text\" id=\"vqg-bank-search\" class=\"form-control\" placeholder=\"T\u00ecm nhanh ng\u00e2n h\u00e0ng...\">\n\t\t\t\t\t\t\t\t\t<\/div>\n\t\t\t\t\t\t\t\t\t<div class=\"dropdown-items-list\"><\/div>\n\t\t\t\t\t\t\t\t<\/div>\n\t\t\t\t\t\t\t\t<input type=\"hidden\" id=\"vqg-bank-id\" required>\n\t\t\t\t\t\t\t<\/div>\n\t\t\t\t\t\t<\/div>\n\n\t\t\t\t\t\t<div class=\"vq-field-wrap\">\n\t\t\t\t\t\t\t<label for=\"vqg-account-number\" class=\"vq-label\">S\u1ed1 t\u00e0i kho\u1ea3n th\u1ee5 h\u01b0\u1edfng *<\/label>\n\t\t\t\t\t\t\t<input type=\"text\" id=\"vqg-account-number\" class=\"form-control underline\" data-max=\"19\" maxlength=\"19\" required>\n\t\t\t\t\t\t\t<span class=\"char-counter\" id=\"vqg-account-no-counter\">0\/19<\/span>\n\t\t\t\t\t\t<\/div>\n\n\t\t\t\t\t\t<div class=\"vq-toggle-row\">\n\t\t\t\t\t\t\t<label class=\"switch\">\n\t\t\t\t\t\t\t\t<input type=\"checkbox\" id=\"vqg-show-account-full\" checked>\n\t\t\t\t\t\t\t\t<span class=\"slider\"><\/span>\n\t\t\t\t\t\t\t<\/label>\n\t\t\t\t\t\t\t<span class=\"toggle-label\">\u0110\u1ed3ng \u00fd hi\u1ec3n th\u1ecb to\u00e0n b\u1ed9 s\u1ed1 t\u00e0i kho\u1ea3n c\u1ee7a t\u00f4i t\u1ea1i m\u00e3 VietQR<\/span>\n\t\t\t\t\t\t<\/div>\n\n\t\t\t\t\t\t<div class=\"vq-field-wrap\">\n\t\t\t\t\t\t\t<label for=\"vqg-account-name\" class=\"vq-label\">T\u00ean ch\u1ee7 t\u00e0i kho\u1ea3n *<\/label>\n\t\t\t\t\t\t\t<input type=\"text\" id=\"vqg-account-name\" class=\"form-control underline uppercase\" data-max=\"50\" maxlength=\"50\" required>\n\t\t\t\t\t\t\t<span class=\"char-counter\" id=\"vqg-account-name-counter\">0\/50<\/span>\n\t\t\t\t\t\t<\/div>\n\n\t\t\t\t\t\t<div class=\"vq-field-wrap\">\n\t\t\t\t\t\t\t<label for=\"vqg-amount\" class=\"vq-label\">S\u1ed1 ti\u1ec1n chuy\u1ec3n kho\u1ea3n<\/label>\n\t\t\t\t\t\t\t<input type=\"text\" id=\"vqg-amount\" class=\"form-control underline\" inputmode=\"numeric\" placeholder=\"VD: 500000\">\n\t\t\t\t\t\t<\/div>\n\n\t\t\t\t\t\t<div class=\"vq-field-wrap\">\n\t\t\t\t\t\t\t<label for=\"vqg-description\" class=\"vq-label\">\u8f6c\u8d26\u5185\u5bb9<\/label>\n\t\t\t\t\t\t\t<input type=\"text\" id=\"vqg-description\" class=\"form-control underline\" data-max=\"99\" maxlength=\"99\">\n\t\t\t\t\t\t\t<span id=\"vqg-description-counter\" class=\"char-counter\">0\/99<\/span>\n\t\t\t\t\t\t<\/div>\n\n\t\t\t\t\t\t<div id=\"vqg-extra-trigger\" class=\"vq-extra-trigger\">\n\t\t\t\t\t\t\tT\u00f9y ch\u1ecdn th\u00eam <span class=\"arrow\">\u25be<\/span>\n\t\t\t\t\t\t<\/div>\n\n\t\t\t\t\t\t<div id=\"vqg-extra-fields\" class=\"vq-extra-fields\">\n\t\t\t\t\t\t\t<div class=\"vq-field-wrap\">\n\t\t\t\t\t\t\t\t<label for=\"vqg-store-code\" class=\"vq-label\">M\u00e3 c\u1eeda h\u00e0ng<\/label>\n\t\t\t\t\t\t\t\t<input type=\"text\" id=\"vqg-store-code\" class=\"form-control underline\" data-max=\"25\" maxlength=\"25\">\n\t\t\t\t\t\t\t\t<span id=\"vqg-store-code-counter\" class=\"char-counter\">0\/25<\/span>\n\t\t\t\t\t\t\t<\/div>\n\n\t\t\t\t\t\t\t<div class=\"vq-field-wrap\">\n\t\t\t\t\t\t\t\t<label for=\"vqg-pos-code\" class=\"vq-label\">M\u00e3 \u0111i\u1ec3m b\u00e1n<\/label>\n\t\t\t\t\t\t\t\t<input type=\"text\" id=\"vqg-pos-code\" class=\"form-control underline\" data-max=\"25\" maxlength=\"25\">\n\t\t\t\t\t\t\t\t<span id=\"vqg-pos-code-counter\" class=\"char-counter\">0\/25<\/span>\n\t\t\t\t\t\t\t<\/div>\n\t\t\t\t\t\t<\/div>\n\n\t\t\t\t\t\t<div class=\"vq-captcha-row\">\n\t\t\t\t\t\t\t<span class=\"vq-label\">X\u00e1c th\u1ef1c *<\/span>\n\t\t\t\t\t\t\t<div class=\"vq-captcha-wrap\">\n\t\t\t\t\t\t\t\t<span id=\"vqg-captcha-question\" class=\"vq-q-badge\">...<\/span>\n\t\t\t\t\t\t\t\t<input type=\"number\" id=\"vqg-captcha-answer\" class=\"vq-a-input\" placeholder=\"?\" required>\n\t\t\t\t\t\t\t\t<button type=\"button\" id=\"vqg-refresh-captcha\" class=\"vq-refresh-btn\" title=\"\u0110\u1ed5i ph\u00e9p t\u00ednh\">\u21bb<\/button>\n\t\t\t\t\t\t\t<\/div>\n\t\t\t\t\t\t<\/div>\n\n\t\t\t\t\t\t<div class=\"vq-agree-check\">\n\t\t\t\t\t\t\t<input type=\"checkbox\" id=\"vqg-agree-terms\" required>\n\t\t\t\t\t\t\t<label for=\"vqg-agree-terms\">T\u00f4i \u0111\u1ed3ng \u00fd v\u1edbi c\u00e1c \u0111i\u1ec1u kho\u1ea3n v\u00e0 \u0111i\u1ec1u ki\u1ec7n<\/label>\n\t\t\t\t\t\t<\/div>\n\n\t\t\t\t\t\t<button type=\"submit\" id=\"vqg-generate-btn\" class=\"btn-primary-official\">\n\t\t\t\t\t\t\t<span class=\"btn-icon\">\u26a1<\/span>\n\t\t\t\t\t\t\t<span class=\"btn-text\">\u751f\u6210\u7801<\/span>\n\t\t\t\t\t\t\t<span class=\"btn-loader\" aria-hidden=\"true\"><\/span>\n\t\t\t\t\t\t<\/button>\n\t\t\t\t\t\t<div id=\"vqg-error-message\" class=\"error-message\"><\/div>\n\t\t\t\t\t<input type=\"hidden\" name=\"trp-form-language\" value=\"zh\"\/><\/form>\n\t\t\t\t<\/section>\n\n\t\t\t\t<section class=\"vietqr-panel vietqr-preview-panel\">\n\t\t\t\t\t<div class=\"vqg-panel-title\" role=\"heading\" aria-level=\"2\">\u60a8\u7684\u4e8c\u7ef4\u7801<\/div>\n\t\t\t\t\t<div class=\"vietqr-sub\">\u1ea2nh xem tr\u01b0\u1edbc v\u00e0 \u1ea3nh t\u1ea3i xu\u1ed1ng s\u1ebd gi\u1eef \u0111\u1ea7y \u0111\u1ee7 th\u00f4ng tin.<\/div>\n\t\t\t\t\t<div id=\"vqg-qr-result\" class=\"vietqr-result-container\">\n\t\t\t\t\t\t<div class=\"vietqr-preview-placeholder\">\n\t\t\t\t\t\t\t<div>Nh\u1eadp th\u00f4ng tin v\u00e0 b\u1ea5m \"T\u1ea1o m\u00e3\" \u0111\u1ec3 xem QR.<\/div>\n\t\t\t\t\t\t<\/div>\n\t\t\t\t\t<\/div>\n\t\t\t\t<\/section>\n\t\t\t<\/div>\n\t\t<\/div>\n\t<\/div><h3 class=\"wp-block-heading\"><strong>\u514d\u8d39\u5728\u7ebf\u521b\u5efaVietQR\u7801 \u2013 DPS Media\u63d0\u4f9b\u7684\u5feb\u901f\u5b89\u5168\u94f6\u884c\u4e8c\u7ef4\u7801\u751f\u6210\u5de5\u5177<\/strong><\/h3><p>\u5728\u6570\u5b57\u65f6\u4ee3\uff0c\u901a\u8fc7\u94f6\u884c\u8f6c\u8d26\u548c\u652f\u4ed8\u53d8\u5f97\u975e\u5e38\u666e\u904d\u3002\u7136\u800c\uff0c\u624b\u52a8\u8f93\u5165\u8d26\u6237\u53f7\u7801\u3001\u8d26\u6237\u6301\u6709\u4eba\u59d3\u540d\u53ca\u5176\u4ed6\u4fe1\u606f\u6709\u65f6\u4f1a\u5e26\u6765\u4e0d\u4fbf\u548c\u6f5c\u5728\u7684\u9519\u8bef\u98ce\u9669\u3002\u4e3a\u4e86\u89e3\u51b3\u8fd9\u4e2a\u95ee\u9898\uff0c\u00a0<strong>DPS \u5a92\u4f53<\/strong>\u00a0\u5f88\u9ad8\u5174\u4ecb\u7ecd\u4e00\u6b3e\u5de5\u5177\u00a0<strong>\u5728\u7ebf\u751f\u6210VietQR\u7801<\/strong>\u00a0\u8fd9\u662f\u4e00\u79cd\u73b0\u4ee3\u3001\u4fbf\u6377\u4e14\u5b8c\u5168\u514d\u8d39\u7684\u89e3\u51b3\u65b9\u6848\uff0c\u5e2e\u52a9\u60a8\u00a0<strong>\u751f\u6210\u94f6\u884c\u8d26\u6237\u7684QR\u7801<\/strong>\u00a0\u53ea\u9700\u7728\u773c\u95f4\u3002<\/p><p>\u65e0\u8bba\u60a8\u6b63\u5728\u5bfb\u627e\u00a0<strong>\u5982\u4f55\u751f\u6210Vietcombank\u94f6\u884c\u7684QR\u7801<\/strong>,\u00a0<strong>Agribank<\/strong>,\u00a0<strong>BIDV<\/strong>,\u00a0<strong>MB\u94f6\u884c<\/strong>,\u00a0<strong>Techcombank<\/strong>\u00a0\u6216\u4efb\u4f55\u5176\u4ed6\u94f6\u884c\uff0c\u6211\u4eec\u7684\u5de5\u5177\u90fd\u80fd\u5b8c\u7f8e\u652f\u6301\u3002<\/p><h4 class=\"wp-block-heading\"><strong>\u4e3a\u4ec0\u4e48\u60a8\u5e94\u8be5\u4e3a\u60a8\u7684\u94f6\u884c\u8d26\u6237\u521b\u5efaVietQR\u7801\uff1f<\/strong><\/h4><p>VietQR\u662f\u7531NAPAS\u548c\u8d8a\u5357\u5404\u94f6\u884c\u5171\u540c\u5f00\u53d1\u7684\u7edf\u4e00\u6807\u51c6\uff0c\u5141\u8bb8\u901a\u8fc7\u552f\u4e00\u7684\u4e8c\u7ef4\u7801\u626b\u63cf\u64cd\u4f5c\u5b9e\u73b024\/7\u5feb\u901f\u8f6c\u8d26\u4ea4\u6613\u3002\u00a0<strong>\u751f\u6210\u94f6\u884c\u4e8c\u7ef4\u7801<\/strong>\u00a0\u5e26\u6765\u4e86\u65e0\u6570\u597d\u5904\uff1a<\/p><ul class=\"wp-block-list\">\n<li><strong>Nhanh ch\u00f3ng & Ti\u1ec7n l\u1ee3i:<\/strong>\u00a0\u60a8\u65e0\u9700\u518d\u8bfb\u53d6\u4e00\u957f\u4e32\u8d26\u6237\u53f7\u7801\uff0c\u53ea\u9700\u53d1\u9001\u4e8c\u7ef4\u7801\u56fe\u7247\u3002\u8f6c\u8d26\u4eba\u53ea\u9700\u626b\u63cf\u4e8c\u7ef4\u7801\uff0c\u94f6\u884c\u4fe1\u606f\u3001\u8d26\u6237\u53f7\u7801\u3001\u8d26\u6237\u6301\u6709\u4eba\u59d3\u540d\uff08\u751a\u81f3\u8f6c\u8d26\u91d1\u989d\u548c\u5185\u5bb9\uff09\u5c06\u81ea\u52a8\u51c6\u786e\u586b\u5199\u3002<\/li>\n\n\n\n<li><strong>\u7edd\u5bf9\u51c6\u786e:<\/strong>\u00a0\u5b8c\u5168\u6d88\u9664\u8f93\u5165\u9519\u8bef\u98ce\u9669\uff0c\u907f\u514d\u4e0d\u5fc5\u8981\u7684\u8f6c\u8d26\u9519\u8bef\u3002<\/li>\n\n\n\n<li><strong>\u4e13\u4e1a\uff1a<\/strong>\u00a0\u5bf9\u4e8e\u5728\u7ebf\u5e97\u4e3b\u6216\u4f01\u4e1a\uff0c\u4f7f\u7528\u4e8c\u7ef4\u7801\u652f\u4ed8\u663e\u793a\u4e13\u4e1a\u6027\uff0c\u5e76\u5e2e\u52a9\u4f18\u5316\u5ba2\u6237\u4f53\u9a8c\u3002<\/li>\n<\/ul><h4 class=\"wp-block-heading\"><strong>\u4ecb\u7ecdDPS Media\u514d\u8d39VietQR\u7801\u751f\u6210\u5de5\u5177<\/strong><\/h4><p>\u57fa\u4e8e\u7528\u6237\u7684\u5b9e\u9645\u9700\u6c42\uff0c <a class=\"wpil_keyword_link\" href=\"https:\/\/dps.media\/zh\/\" title=\"DPS.MEDIA \u80a1\u4efd\u516c\u53f8\" data-wpil-keyword-link=\"linked\" data-wpil-monitor-id=\"3\">DPS \u5a92\u4f53<\/a> \u5f00\u53d1\u4e86\u4e00\u6b3e\u5de5\u5177\u00a0<strong>\u751f\u6210VietQR\u4e8c\u7ef4\u7801<\/strong>\u00a0\u754c\u9762\u76f4\u89c2\u4e14\u6781\u5176\u6613\u7528\u3002<\/p><p><strong>\u7a81\u51fa\u529f\u80fd\uff1a<\/strong><\/p><ol class=\"wp-block-list\">\n<li><strong>\u5b8c\u5168\u514d\u8d39:<\/strong>\u00a0\u60a8\u53ef\u4ee5\u00a0<strong>\u521b\u5efa\u94f6\u884c\u4e8c\u7ef4\u7801<\/strong>\u00a0\u65e0\u9650\u6b21\u6570\u4e14\u65e0\u9700\u652f\u4ed8\u4efb\u4f55\u8d39\u7528\u3002<\/li>\n\n\n\n<li><strong>\u652f\u6301\u5927\u591a\u6570\u94f6\u884c\uff1a<\/strong>\u00a0\u652f\u6301\u5de5\u5177\u00a0<strong>\u751f\u6210\u4e8c\u7ef4\u7801<\/strong>\u00a0\u9002\u7528\u4e8e\u8d8a\u5357\u5927\u591a\u6570\u94f6\u884c\uff0c\u5305\u62ec\uff1a\n<ul class=\"wp-block-list\">\n<li><strong>\u751f\u6210Vietcombank\u4e8c\u7ef4\u7801<\/strong><\/li>\n\n\n\n<li><strong>\u751f\u6210Agribank\u4e8c\u7ef4\u7801<\/strong><\/li>\n\n\n\n<li><strong>\u751f\u6210BIDV\u4e8c\u7ef4\u7801<\/strong><\/li>\n\n\n\n<li><strong>\u751f\u6210MB Bank\u94f6\u884c\u8d26\u6237\u4e8c\u7ef4\u7801<\/strong><\/li>\n\n\n\n<li><strong>\u751f\u6210Techcombank\u4e8c\u7ef4\u7801<\/strong><\/li>\n\n\n\n<li><strong>\u751f\u6210Vietinbank\u4e8c\u7ef4\u7801<\/strong><\/li>\n\n\n\n<li><strong>\u751f\u6210Sacombank\u4e8c\u7ef4\u7801<\/strong><\/li>\n\n\n\n<li><strong>\u751f\u6210VPBank\u3001VIB\u4e8c\u7ef4\u7801<\/strong>\u00a0\u4ee5\u53ca\u5176\u4ed6\u591a\u5bb6\u94f6\u884c\u3002<\/li>\n<\/ul>\n<\/li>\n\n\n\n<li><strong>\u7b80\u6d01\u754c\u9762\uff1a<\/strong>\u00a0\u53ea\u9700\u586b\u5199\u73b0\u6709\u7684\u8868\u683c\u4fe1\u606f\uff0c\u60a8\u7684\u4e8c\u7ef4\u7801\u5c06\u7acb\u5373\u751f\u6210\u3002<\/li>\n\n\n\n<li><strong>\u7075\u6d3b\u5b9a\u5236\uff1a<\/strong>\u00a0B\u1ea1n c\u00f3 th\u1ec3 t\u00f9y ch\u1ecdn th\u00eam \u201cS\u1ed1 ti\u1ec1n\u201d v\u00e0 \u201cN\u1ed9i dung chuy\u1ec3n kho\u1ea3n\u201d v\u00e0o m\u00e3 QR. \u0110\u00e2y l\u00e0 t\u00ednh n\u0103ng c\u1ef1c k\u1ef3 h\u1eefu \u00edch cho vi\u1ec7c\u00a0<strong>\u751f\u6210MB Bank\u652f\u4ed8\u4e8c\u7ef4\u7801<\/strong>\u00a0\u6216\u652f\u4ed8\u7279\u5b9a\u8ba2\u5355\u3002<\/li>\n\n\n\n<li><strong>\u5b89\u5168\u4e0e\u9690\u79c1\uff1a<\/strong>\u00a0DPS Media\u627f\u8bfa\u4e0d\u4fdd\u5b58\u60a8\u8f93\u5165\u7684\u4efb\u4f55\u4e2a\u4eba\u4fe1\u606f\u3002\u6240\u6709\u64cd\u4f5c\u5747\u76f4\u63a5\u5728\u60a8\u7684\u6d4f\u89c8\u5668\u4e2d\u5904\u7406\u3002<\/li>\n<\/ol><h4 class=\"wp-block-heading\"><strong>\u4ec5\u97003\u6b65\uff0c\u6559\u60a8\u5982\u4f55\u4e3a\u94f6\u884c\u8d26\u6237\u751f\u6210\u4e8c\u7ef4\u7801<\/strong><\/h4><p>\u60a8\u662f\u5426\u7591\u60d1\u00a0<strong>\u5982\u4f55\u4e3a\u94f6\u884c\u8d26\u6237\u751f\u6210\u4e8c\u7ef4\u7801<\/strong>\uff1f\u4f7f\u7528 <a class=\"wpil_keyword_link\" href=\"https:\/\/dps.media\/zh\/%e4%b8%93%e4%b8%9a%e5%88%9b%e6%84%8f%e5%9b%be%e5%bd%a2%e8%ae%be%e8%ae%a1%e6%9c%8d%e5%8a%a1%ef%bc%8c%e6%8f%90%e5%8d%87%e5%93%81%e7%89%8c%e8%af%86%e5%88%ab%e5%ba%a6\/\" title=\"\u521b\u610f\u56fe\u5f62\u8bbe\u8ba1\u670d\u52a1\uff0c\u4e13\u4e1a\u63d0\u5347\u54c1\u724c\u8bc6\u522b\u5ea6\" data-wpil-keyword-link=\"linked\" data-wpil-monitor-id=\"381\">DPS \u5a92\u4f53<\/a>\uff0c\u6b64\u6d41\u7a0b\u975e\u5e38\u7b80\u5355\uff1a<\/p><p><strong>\u6b65\u9aa41\uff1a\u8bbf\u95ee\u5de5\u5177<\/strong><\/p><ul class=\"wp-block-list\">\n<li>\u6253\u5f00\u6d4f\u89c8\u5668\u5e76\u8bbf\u95ee\u00a0<strong>DPS Media\u7684\u514d\u8d39\u5de5\u5177\u9875\u9762\u3002<\/strong>\u00a0c\u1ee7a DPS Media.<\/li>\n<\/ul><p><strong>\u6b65\u9aa42\uff1a\u586b\u5199\u4fe1\u606f<\/strong><\/p><ul class=\"wp-block-list\">\n<li><strong>\u6536\u6b3e\u94f6\u884c\uff1a<\/strong>\u00a0\u4ece\u5217\u8868\u4e2d\u9009\u62e9\u60a8\u7684\u94f6\u884c\u3002<\/li>\n\n\n\n<li><strong>\u6536\u6b3e\u8d26\u6237\u53f7\u7801\uff1a<\/strong>\u00a0\u51c6\u786e\u8f93\u5165\u60a8\u7684\u8d26\u6237\u53f7\u7801\u3002<\/li>\n\n\n\n<li><strong>\u8d26\u6237\u6301\u6709\u4eba\u59d3\u540d\uff1a<\/strong>\u00a0\u586b\u5199\u5168\u540d\uff0c\u4e0d\u5e26\u7b26\u53f7\u3002<\/li>\n\n\n\n<li><strong>\u8f6c\u8d26\u91d1\u989d\uff08\u53ef\u9009\uff09\uff1a<\/strong>\u00a0\u5982\u679c\u60f3\u56fa\u5b9a\u91d1\u989d\uff0c\u8bf7\u8f93\u5165\u8fd9\u91cc\u3002<\/li>\n\n\n\n<li><strong>\u8f6c\u8d26\u5185\u5bb9\uff08\u53ef\u9009\uff09\uff1a<\/strong>\u00a0Nh\u1eadp n\u1ed9i dung mong mu\u1ed1n, v\u00ed d\u1ee5 \u201cThanh toan don hang #123\u201d.<\/li>\n<\/ul><p><strong>\u6b65\u9aa43\uff1a\u521b\u5efa\u5e76\u4f7f\u7528\u4e8c\u7ef4\u7801<\/strong><\/p><ul class=\"wp-block-list\">\n<li>\u70b9\u51fb\u6309\u94ae\u00a0<strong>\u201cT\u1ea1o m\u00e3\u201d<\/strong>.<\/li>\n\n\n\n<li>M\u00e3 QR c\u1ee7a b\u1ea1n s\u1ebd ngay l\u1eadp t\u1ee9c xu\u1ea5t hi\u1ec7n \u1edf \u00f4 \u201cM\u00e3 QR c\u1ee7a b\u1ea1n\u201d.<\/li>\n\n\n\n<li>\u73b0\u5728\uff0c\u60a8\u53ef\u4ee5\u5c06\u6b64\u4e8c\u7ef4\u7801\u56fe\u7247\u4e0b\u8f7d\u5230\u8bbe\u5907\uff0c\u53d1\u9001\u7ed9\u670b\u53cb\u3001\u5408\u4f5c\u4f19\u4f34\u6216\u6253\u5370\u51fa\u6765\u5728\u6536\u94f6\u53f0\u4f7f\u7528\u3002<\/li>\n<\/ul><p>\u65e0\u8bba\u662f\u00a0<strong>Vietinbank\u4e2a\u4eba\u4e8c\u7ef4\u7801\u521b\u5efa\u65b9\u5f0f<\/strong>\u00a0\u8fd8\u662f\u00a0<strong>Vietcombank\u8f6c\u8d26\u4e8c\u7ef4\u7801\u521b\u5efa\u65b9\u5f0f<\/strong>\u00a0\u9488\u5bf9\u5177\u4f53\u4ea4\u6613\uff0c\u6211\u4eec\u7684\u5de5\u5177\u90fd\u80fd\u5feb\u901f\u9ad8\u6548\u5730\u6ee1\u8db3\u60a8\u7684\u9700\u6c42\u3002<\/p><p>\u4e0d\u8981\u8ba9\u624b\u52a8\u8f93\u5165\u8f6c\u8d26\u4fe1\u606f\u62d6\u6162\u60a8\u7684\u4ea4\u6613\u901f\u5ea6\u3002\u7acb\u5373\u4f53\u9a8c\u00a0<strong>\u5728\u7ebf\u751f\u6210VietQR\u7801<\/strong>\u00a0\u6211\u4eec\u7684\u00a0<strong>DPS \u5a92\u4f53<\/strong>\u00a0\u5de5\u5177\uff0c\u4eab\u53d7\u6700\u667a\u80fd\u3001\u5b89\u5168\u3001\u73b0\u4ee3\u7684\u652f\u4ed8\u65b9\u5f0f\u3002<\/p>","protected":false},"excerpt":{"rendered":"<p>T\u1ea1o M\u00e3 VietQR Online Mi\u1ec5n Ph\u00ed \u2013 C\u00f4ng C\u1ee5 T\u1ea1o QR Ng\u00e2n H\u00e0ng Nhanh Ch\u00f3ng v\u00e0 An To\u00e0n t\u1eeb DPS MediaTrong k\u1ef7 nguy\u00ean s\u1ed1, vi\u1ec7c chuy\u1ec3n ti\u1ec1n v\u00e0 thanh to\u00e1n qua ng\u00e2n h\u00e0ng \u0111\u00e3 tr\u1edf n\u00ean v\u00f4 c\u00f9ng ph\u1ed5 bi\u1ebfn. Tuy nhi\u00ean, qu\u00e1 tr\u00ecnh nh\u1eadp tay s\u1ed1 t\u00e0i kho\u1ea3n, t\u00ean ch\u1ee7 t\u00e0i kho\u1ea3n v\u00e0 c\u00e1c [&hellip;]<\/p>","protected":false},"author":1,"featured_media":27055,"parent":0,"menu_order":0,"comment_status":"closed","ping_status":"closed","template":"","meta":{"_acf_changed":false,"footnotes":""},"class_list":["post-27046","page","type-page","status-publish","has-post-thumbnail","hentry"],"acf":[],"rankmath_keywords":{"primary":"","secondary":[""]},"yoast_keywords":{"primary":"","secondary":[]},"yoast_focuskw":"","rankmath_focuskw":"","seo_keywords":{"primary":"","secondary":[""]},"_links":{"self":[{"href":"https:\/\/dps.media\/zh\/wp-json\/wp\/v2\/pages\/27046","targetHints":{"allow":["GET"]}}],"collection":[{"href":"https:\/\/dps.media\/zh\/wp-json\/wp\/v2\/pages"}],"about":[{"href":"https:\/\/dps.media\/zh\/wp-json\/wp\/v2\/types\/page"}],"author":[{"embeddable":true,"href":"https:\/\/dps.media\/zh\/wp-json\/wp\/v2\/users\/1"}],"replies":[{"embeddable":true,"href":"https:\/\/dps.media\/zh\/wp-json\/wp\/v2\/comments?post=27046"}],"version-history":[{"count":5,"href":"https:\/\/dps.media\/zh\/wp-json\/wp\/v2\/pages\/27046\/revisions"}],"predecessor-version":[{"id":36317,"href":"https:\/\/dps.media\/zh\/wp-json\/wp\/v2\/pages\/27046\/revisions\/36317"}],"wp:featuredmedia":[{"embeddable":true,"href":"https:\/\/dps.media\/zh\/wp-json\/wp\/v2\/media\/27055"}],"wp:attachment":[{"href":"https:\/\/dps.media\/zh\/wp-json\/wp\/v2\/media?parent=27046"}],"curies":[{"name":"wp","href":"https:\/\/api.w.org\/{rel}","templated":true}]}}