{"id":21111,"date":"2025-02-05T14:19:14","date_gmt":"2025-02-05T07:19:14","guid":{"rendered":"https:\/\/dps.media\/?page_id=21111"},"modified":"2025-02-05T14:22:25","modified_gmt":"2025-02-05T07:22:25","slug":"%e4%b8%9a%e4%b8%bb%e4%bf%a1%e6%81%af","status":"publish","type":"page","link":"https:\/\/dps.media\/zh\/%e4%b8%9a%e4%b8%bb%e4%bf%a1%e6%81%af\/","title":{"rendered":"\u6240\u6709\u8005\u4fe1\u606f"},"content":{"rendered":"<?xml encoding=\"utf-8\" ?><?xml encoding=\"utf-8\" ?><div data-elementor-type=\"wp-page\" data-elementor-id=\"21111\" class=\"elementor elementor-21111\" data-elementor-post-type=\"page\">\n\t\t\t\t<div class=\"elementor-element elementor-element-57d179d e-flex e-con-boxed e-con e-parent\" data-id=\"57d179d\" data-element_type=\"container\">\n\t\t\t\t\t<div class=\"e-con-inner\">\n\t\t\t\t<div class=\"elementor-element elementor-element-d2cad1d elementor-widget elementor-widget-text-editor\" data-id=\"d2cad1d\" data-element_type=\"widget\" data-widget_type=\"text-editor.default\">\n\t\t\t\t<div class=\"elementor-widget-container\">\n\t\t\t\t\t<?xml encoding=\"utf-8\" ?><h4>\u5370\u8bb0\uff08\u6240\u6709\u8005\u4fe1\u606f\uff09<\/h4><p>\u5173\u4e8e\u7f51\u7ad9 dps.media \u6240\u6709\u8005\u7684\u4fe1\u606f<\/p><h5>\u7f51\u7ad9\u6240\u6709\u8005\uff1a<\/h5><p>\u516c\u53f8\u540d\u79f0\uff1aDPS.MEDIA \u80a1\u4efd\u516c\u53f8<br>\u7b80\u79f0\uff1aDPS.MEDIA JSC<br>\u7a0e\u53f7\uff1a0318700500<br>\u5730\u5740\uff1a\u8d8a\u5357\u80e1\u5fd7\u660e\u5e02\u7b2c\u4e00\u90e1\u591a\u9ad8\u574a\u962e\u5ef7\u6cbc\u885756\u53f7<br>\u4ee3\u8868\u4eba\uff1a\u80e1\u5149\u663e<br>\u7535\u8bdd\uff1a0961545445<br>\u90ae\u7bb1\uff1amarketing@dps.media<br>\u7f51\u7ad9\uff1a <a class=\"wpil_keyword_link\" href=\"https:\/\/dps.media\/zh\/\" title=\"DPS.MEDIA \u80a1\u4efd\u516c\u53f8\" data-wpil-keyword-link=\"linked\" data-wpil-monitor-id=\"26\">dps.media<\/a><\/p><h5>\u5173\u4e8e\u6cd5\u5b9a\u4ee3\u8868\u4eba\u7684\u4fe1\u606f\uff1a<\/h5><p>\u9996\u5e2d\u6267\u884c\u5b98\uff08CEO\uff09\uff1a\u80e1\u5149\u663e<br>\u804c\u52a1\uff1a\u6cd5\u5b9a\u4ee3\u8868\u4eba<\/p><h5>\u8054\u7cfb\u65b9\u5f0f\uff1a<\/h5><p>\u90ae\u7bb1\uff1ahienho.ceo@dps.media<br>\u7535\u8bdd\u53f7\u7801\uff1a0989062289<br>\u529e\u516c\u5ba4\u5730\u5740\uff1a\u8d8a\u5357\u80e1\u5fd7\u660e\u5e02\u7b2c\u4e00\u90e1\u591a\u9ad8\u574a\u962e\u5ef7\u6cbc\u885756\u53f7<\/p><h5>\u9690\u79c1\u548cCookie\u653f\u7b56\uff1a<\/h5><p>\u9690\u79c1\u653f\u7b56\uff1ahttps:\/\/dps.media\/chinh-sach-bao-mat\/<br>Cookie\u653f\u7b56\uff1ahttps:\/\/dps.media\/chinh-sach-cookie\/<br>\u4e89\u8bae\u89e3\u51b3\u65b9\u5f0f\uff1a<br>\u6211\u4eec\u4e0d\u53c2\u4e0e\u4efb\u4f55\u6cd5\u5ead\u5916\u7684\u4e89\u8bae\u89e3\u51b3\u5f62\u5f0f\u3002<\/p><h5>\u8865\u5145\u4fe1\u606f\uff1a<\/h5><p>\u672c\u7f51\u7ad9\u4e3a\u7528\u6237\u63d0\u4f9b\u670d\u52a1\u548c\u4ea7\u54c1\u3002\u7f51\u7ad9\u4e0a\u7684\u4fe1\u606f\u4ec5\u4f9b\u53c2\u8003\uff0c\u4e0d\u80fd\u66ff\u4ee3\u4e13\u4e1a\u6cd5\u5f8b\u54a8\u8be2\u3002<\/p>\n\t\t\t\t<\/div>\n\t\t\t\t<\/div>\n\t\t\t\t\t<\/div>\n\t\t\t\t<\/div>\n\t\t\t\t<\/div>","protected":false},"excerpt":{"rendered":"<p>Imprint (Th\u00f4ng tin ch\u1ee7 s\u1edf h\u1eefu)Th\u00f4ng tin v\u1ec1 ch\u1ee7 s\u1edf h\u1eefu website dps.mediaCh\u1ee7 s\u1edf h\u1eefu website:T\u00ean c\u00f4ng ty: DPS.MEDIA JOINT STOCK COMPANYT\u00ean vi\u1ebft t\u1eaft: DPS.MEDIA JSCM\u00e3 s\u1ed1 thu\u1ebf: 0318700500\u0110\u1ecba ch\u1ec9: 56 Nguy\u1ec5n \u0110\u00ecnh Chi\u1ec3u, Ph\u01b0\u1eddng \u0110a Kao, Qu\u1eadn 1, Th\u00e0nh ph\u1ed1 H\u1ed3 Ch\u00ed Minh, Vi\u1ec7t NamNg\u01b0\u1eddi \u0111\u1ea1i di\u1ec7n: H\u1ed2 QUANG HI\u1ec2N\u0110i\u1ec7n tho\u1ea1i: 0961545445Email: marketing@dps.mediaWebsite: dps.mediaTh\u00f4ng [&hellip;]<\/p>","protected":false},"author":4,"featured_media":0,"parent":0,"menu_order":0,"comment_status":"closed","ping_status":"closed","template":"","meta":{"_acf_changed":false,"footnotes":""},"class_list":["post-21111","page","type-page","status-publish","hentry"],"acf":[],"rankmath_keywords":{"primary":"","secondary":[""]},"yoast_keywords":{"primary":"","secondary":[]},"yoast_focuskw":"","rankmath_focuskw":"","seo_keywords":{"primary":"","secondary":[""]},"_links":{"self":[{"href":"https:\/\/dps.media\/zh\/wp-json\/wp\/v2\/pages\/21111","targetHints":{"allow":["GET"]}}],"collection":[{"href":"https:\/\/dps.media\/zh\/wp-json\/wp\/v2\/pages"}],"about":[{"href":"https:\/\/dps.media\/zh\/wp-json\/wp\/v2\/types\/page"}],"author":[{"embeddable":true,"href":"https:\/\/dps.media\/zh\/wp-json\/wp\/v2\/users\/4"}],"replies":[{"embeddable":true,"href":"https:\/\/dps.media\/zh\/wp-json\/wp\/v2\/comments?post=21111"}],"version-history":[{"count":0,"href":"https:\/\/dps.media\/zh\/wp-json\/wp\/v2\/pages\/21111\/revisions"}],"wp:attachment":[{"href":"https:\/\/dps.media\/zh\/wp-json\/wp\/v2\/media?parent=21111"}],"curies":[{"name":"wp","href":"https:\/\/api.w.org\/{rel}","templated":true}]}}