{"id":16092,"date":"2024-12-15T22:53:04","date_gmt":"2024-12-15T15:53:04","guid":{"rendered":"https:\/\/dps.media\/?page_id=16092"},"modified":"2024-12-16T10:08:26","modified_gmt":"2024-12-16T03:08:26","slug":"cong-cu-ai-ho-tro-midjourney-stable-diffusion-comfyui-shakker","status":"publish","type":"page","link":"https:\/\/dps.media\/zh\/cong-cu-ai-ho-tro-midjourney-stable-diffusion-comfyui-shakker\/","title":{"rendered":"C\u00f4ng c\u1ee5 AI h\u1ed7 tr\u1ee3 Midjourney, Stable Diffusion, ComfyUI, Shakker&#8230;"},"content":{"rendered":"<?xml encoding=\"utf-8\" ?><?xml encoding=\"utf-8\" ?><div data-elementor-type=\"wp-page\" data-elementor-id=\"16092\" class=\"elementor elementor-16092\" data-elementor-post-type=\"page\">\n\t\t\t\t\t\t<section class=\"elementor-section elementor-top-section elementor-element elementor-element-3441795 elementor-section-full_width elementor-section-height-default elementor-section-height-default\" data-id=\"3441795\" data-element_type=\"section\">\n\t\t\t\t\t\t<div class=\"elementor-container elementor-column-gap-custom\">\n\t\t\t\t\t<div class=\"elementor-column elementor-col-50 elementor-top-column elementor-element elementor-element-f290df4\" data-id=\"f290df4\" data-element_type=\"column\">\n\t\t\t<div class=\"elementor-widget-wrap elementor-element-populated\">\n\t\t\t\t\t\t<div class=\"elementor-element elementor-element-7c6d54b elementor-widget elementor-widget-bin-megamenu\" data-id=\"7c6d54b\" data-element_type=\"widget\" data-widget_type=\"bin-megamenu.default\">\n\t\t\t\t<div class=\"elementor-widget-container\">\n\t\t\t\t\t<?xml encoding=\"utf-8\" ?><div class=\"hap-megamenu-item position-relative\">\n            <div class=\"hap-megamenu-item-btn position-relative\">\n                                    <img decoding=\"async\" src=\"https:\/\/dps.media\/wp-content\/uploads\/2024\/12\/prompt.png\" alt=\"\" title=\"\">\n                                <div class=\"hap-menu-btn-grp text-center\">\n                                        <a target=\"_blank\" href=\"https:\/\/dps.media\/zh\/ai-mo-ta-hinh-anh\/\">\u4f7f\u7528\u5de5\u5177<\/a>\n                    \n                    \n                <\/div>\n            <\/div>\n            <h3>Ai T\u1ea1o Prompt T\u1eeb H\u00ecnh \u1ea2nh<\/h3>\n        <\/div>\n\t\t\t\t<\/div>\n\t\t\t\t<\/div>\n\t\t\t\t\t<\/div>\n\t\t<\/div>\n\t\t\t\t<div class=\"elementor-column elementor-col-50 elementor-top-column elementor-element elementor-element-7ddb1be\" data-id=\"7ddb1be\" data-element_type=\"column\">\n\t\t\t<div class=\"elementor-widget-wrap elementor-element-populated\">\n\t\t\t\t\t\t<div class=\"elementor-element elementor-element-14b50e2 elementor-widget elementor-widget-bin-megamenu\" data-id=\"14b50e2\" data-element_type=\"widget\" data-widget_type=\"bin-megamenu.default\">\n\t\t\t\t<div class=\"elementor-widget-container\">\n\t\t\t\t\t<?xml encoding=\"utf-8\" ?><div class=\"hap-megamenu-item position-relative\">\n            <div class=\"hap-megamenu-item-btn position-relative\">\n                                    <img decoding=\"async\" src=\"https:\/\/dps.media\/wp-content\/uploads\/2024\/12\/tao-dang.png\" alt=\"\" title=\"\">\n                                <div class=\"hap-menu-btn-grp text-center\">\n                                        <a target=\"_blank\" href=\"https:\/\/dps.media\/zh\/ai-thay-doi-cach-tao-dang\/\">\u4f7f\u7528\u5de5\u5177<\/a>\n                    \n                    \n                <\/div>\n            <\/div>\n            <h3>AI Thay \u0110\u1ed5i C\u00e1ch T\u1ea1o D\u00e1ng<\/h3>\n        <\/div>\n\t\t\t\t<\/div>\n\t\t\t\t<\/div>\n\t\t\t\t\t<\/div>\n\t\t<\/div>\n\t\t\t\t\t<\/div>\n\t\t<\/section>\n\t\t\t\t<section class=\"elementor-section elementor-top-section elementor-element elementor-element-c40c225 elementor-section-full_width elementor-section-height-default elementor-section-height-default\" data-id=\"c40c225\" data-element_type=\"section\">\n\t\t\t\t\t\t<div class=\"elementor-container elementor-column-gap-custom\">\n\t\t\t\t\t<div class=\"elementor-column elementor-col-50 elementor-top-column elementor-element elementor-element-9351127\" data-id=\"9351127\" data-element_type=\"column\">\n\t\t\t<div class=\"elementor-widget-wrap elementor-element-populated\">\n\t\t\t\t\t\t<div class=\"elementor-element elementor-element-8d9d6bf elementor-widget elementor-widget-bin-megamenu\" data-id=\"8d9d6bf\" data-element_type=\"widget\" data-widget_type=\"bin-megamenu.default\">\n\t\t\t\t<div class=\"elementor-widget-container\">\n\t\t\t\t\t<?xml encoding=\"utf-8\" ?><div class=\"hap-megamenu-item position-relative\">\n            <div class=\"hap-megamenu-item-btn position-relative\">\n                                    <img decoding=\"async\" src=\"https:\/\/dps.media\/wp-content\/uploads\/2024\/12\/trang-phuc.png\" alt=\"\" title=\"\">\n                                <div class=\"hap-menu-btn-grp text-center\">\n                                        <a target=\"_blank\" href=\"https:\/\/dps.media\/zh\/ai-thay-doi-trang-phuc\/\">\u4f7f\u7528\u5de5\u5177<\/a>\n                    \n                    \n                <\/div>\n            <\/div>\n            <h3>AI Thay \u0110\u1ed5i Trang Ph\u1ee5c<\/h3>\n        <\/div>\n\t\t\t\t<\/div>\n\t\t\t\t<\/div>\n\t\t\t\t\t<\/div>\n\t\t<\/div>\n\t\t\t\t<div class=\"elementor-column elementor-col-50 elementor-top-column elementor-element elementor-element-294ab3c\" data-id=\"294ab3c\" data-element_type=\"column\">\n\t\t\t<div class=\"elementor-widget-wrap elementor-element-populated\">\n\t\t\t\t\t\t<div class=\"elementor-element elementor-element-0b97129 elementor-widget elementor-widget-bin-megamenu\" data-id=\"0b97129\" data-element_type=\"widget\" data-widget_type=\"bin-megamenu.default\">\n\t\t\t\t<div class=\"elementor-widget-container\">\n\t\t\t\t\t<?xml encoding=\"utf-8\" ?><div class=\"hap-megamenu-item position-relative\">\n            <div class=\"hap-megamenu-item-btn position-relative\">\n                                    <img decoding=\"async\" src=\"https:\/\/dps.media\/wp-content\/uploads\/2024\/12\/background.png\" alt=\"\" title=\"\">\n                                <div class=\"hap-menu-btn-grp text-center\">\n                                        <a target=\"_blank\" href=\"https:\/\/dps.media\/zh\/ai-thay-doi-boi-canh-background\/\">\u4f7f\u7528\u5de5\u5177<\/a>\n                    \n                    \n                <\/div>\n            <\/div>\n            <h3>AI Thay \u0110\u1ed5i B\u1ed1i C\u1ea3nh Background<\/h3>\n        <\/div>\n\t\t\t\t<\/div>\n\t\t\t\t<\/div>\n\t\t\t\t\t<\/div>\n\t\t<\/div>\n\t\t\t\t\t<\/div>\n\t\t<\/section>\n\t\t<div class=\"elementor-element elementor-element-6cba1c3 e-flex e-con-boxed e-con e-parent\" data-id=\"6cba1c3\" data-element_type=\"container\">\n\t\t\t\t\t<div class=\"e-con-inner\">\n\t\t\t\t<div class=\"elementor-element elementor-element-5ad7133 elementor-widget elementor-widget-text-editor\" data-id=\"5ad7133\" data-element_type=\"widget\" data-widget_type=\"text-editor.default\">\n\t\t\t\t<div class=\"elementor-widget-container\">\n\t\t\t\t\t\t\t\t\t<p>B\u1ea1n l\u00e0 m\u1ed9t ng\u01b0\u1eddi y\u00eau th\u00edch ngh\u1ec7 thu\u1eadt, mu\u1ed1n t\u1ea1o ra nh\u1eefng h\u00ecnh \u1ea3nh \u0111\u1ed9c \u0111\u00e1o v\u00e0 \u1ea5n t\u01b0\u1ee3ng b\u1eb1ng AI nh\u01b0ng v\u1eabn c\u00f2n g\u1eb7p kh\u00f3 kh\u0103n trong vi\u1ec7c ngh\u0129 ra Prompt, Pose, Outfit hay Background? \u0110\u1eebng lo l\u1eafng, b\u00e0i vi\u1ebft n\u00e0y s\u1ebd gi\u1edbi thi\u1ec7u \u0111\u1ebfn b\u1ea1n nh\u1eefng c\u00f4ng c\u1ee5 AI th\u1ea7n k\u1ef3 gi\u00fap b\u1ea1n gi\u1ea3i quy\u1ebft v\u1ea5n \u0111\u1ec1 n\u00e0y m\u1ed9t c\u00e1ch nhanh ch\u00f3ng v\u00e0 hi\u1ec7u qu\u1ea3.<\/p><h5>1. AI T\u1ea1o Prompt T\u1eeb H\u00ecnh \u1ea2nh:<\/h5><p><br>Gi\u1ea3i th\u00edch: C\u00f4ng c\u1ee5 n\u00e0y s\u1ebd gi\u00fap b\u1ea1n ph\u00e2n t\u00edch m\u1ed9t h\u00ecnh \u1ea3nh b\u1ea5t k\u1ef3 v\u00e0 t\u1ea1o ra 5 Prompt chi ti\u1ebft, t\u1eeb \u0111\u00f3 b\u1ea1n c\u00f3 th\u1ec3 s\u1eed d\u1ee5ng \u0111\u1ec3 t\u1ea1o ra nh\u1eefng h\u00ecnh \u1ea3nh t\u01b0\u01a1ng t\u1ef1 ho\u1eb7c bi\u1ebfn t\u1ea5u tr\u00ean c\u00e1c n\u1ec1n t\u1ea3ng AI nh\u01b0 Midjourney, Stable Diffusion.<br>L\u1ee3i \u00edch: Ti\u1ebft ki\u1ec7m th\u1eddi gian, m\u1edf r\u1ed9ng \u00fd t\u01b0\u1edfng, kh\u00e1m ph\u00e1 nh\u1eefng phong c\u00e1ch m\u1edbi.<br>V\u00ed d\u1ee5: B\u1ea1n c\u00f3 m\u1ed9t b\u1ee9c tranh phong c\u1ea3nh \u0111\u1eb9p, c\u00f4ng c\u1ee5 s\u1ebd t\u1ea1o ra nh\u1eefng Prompt nh\u01b0: \u201cA breathtaking landscape painting, digital art, concept art, hyperrealistic, 8k\u201d.<\/p><h5><br>2. AI Thay \u0110\u1ed5i C\u00e1ch T\u1ea1o D\u00e1ng:<\/h5><p><br>Gi\u1ea3i th\u00edch: V\u1edbi c\u00f4ng c\u1ee5 n\u00e0y, b\u1ea1n ch\u1ec9 c\u1ea7n cung c\u1ea5p m\u1ed9t h\u00ecnh \u1ea3nh nh\u00e2n v\u1eadt, AI s\u1ebd t\u1ef1 \u0111\u1ed9ng g\u1ee3i \u00fd 5 c\u00e1ch t\u1ea1o d\u00e1ng kh\u00e1c nhau, t\u1eeb nh\u1eefng t\u01b0 th\u1ebf \u0111\u01a1n gi\u1ea3n \u0111\u1ebfn nh\u1eefng t\u01b0 th\u1ebf ph\u1ee9c t\u1ea1p, \u0111\u1ea7y c\u1ea3m x\u00fac.<br>L\u1ee3i \u00edch: T\u0103ng t\u00ednh \u0111a d\u1ea1ng cho c\u00e1c t\u00e1c ph\u1ea9m, t\u1ea1o ra nh\u1eefng b\u1ee9c \u1ea3nh \u0111\u1ed9c \u0111\u00e1o v\u00e0 thu h\u00fat.<br>V\u00ed d\u1ee5: B\u1ea1n c\u00f3 m\u1ed9t h\u00ecnh \u1ea3nh nh\u00e2n v\u1eadt \u0111ang \u0111\u1ee9ng y\u00ean, c\u00f4ng c\u1ee5 s\u1ebd g\u1ee3i \u00fd nh\u1eefng Pose nh\u01b0: \u201cRunning through a field of flowers\u201d, \u201cSitting on a bench, looking out the window\u201d, \u201cDancing in the rain\u201d.<\/p><h5><br>3. AI Thay \u0110\u1ed5i Trang Ph\u1ee5c:<\/h5><p><br>Gi\u1ea3i th\u00edch: C\u00f4ng c\u1ee5 n\u00e0y s\u1ebd gi\u00fap b\u1ea1n thay \u0111\u1ed5i trang ph\u1ee5c cho nh\u00e2n v\u1eadt trong h\u00ecnh \u1ea3nh m\u1ed9t c\u00e1ch t\u1ef1 \u0111\u1ed9ng. B\u1ea1n ch\u1ec9 c\u1ea7n ch\u1ecdn phong c\u00e1ch trang ph\u1ee5c mong mu\u1ed1n, AI s\u1ebd t\u1ef1 \u0111\u1ed9ng \u0111i\u1ec1u ch\u1ec9nh.<br>L\u1ee3i \u00edch: T\u1ea1o ra nhi\u1ec1u phi\u00ean b\u1ea3n kh\u00e1c nhau c\u1ee7a c\u00f9ng m\u1ed9t nh\u00e2n v\u1eadt, ph\u00f9 h\u1ee3p v\u1edbi nhi\u1ec1u b\u1ed1i c\u1ea3nh v\u00e0 c\u00e2u chuy\u1ec7n.<br>V\u00ed d\u1ee5: B\u1ea1n c\u00f3 m\u1ed9t h\u00ecnh \u1ea3nh nh\u00e2n v\u1eadt \u0111ang m\u1eb7c \u0111\u1ed3 th\u01b0\u1eddng ng\u00e0y, c\u00f4ng c\u1ee5 s\u1ebd g\u1ee3i \u00fd nh\u1eefng Outfit nh\u01b0: \u201cA medieval knight\u201d, \u201cA futuristic space explorer\u201d, \u201cA Victorian-era lady\u201d.<\/p><h5><br>4. AI Thay \u0110\u1ed5i B\u1ed1i C\u1ea3nh Background:<\/h5><p><br>Gi\u1ea3i th\u00edch: C\u00f4ng c\u1ee5 n\u00e0y s\u1ebd gi\u00fap b\u1ea1n thay \u0111\u1ed5i ho\u00e0n to\u00e0n b\u1ed1i c\u1ea3nh c\u1ee7a m\u1ed9t h\u00ecnh \u1ea3nh. B\u1ea1n c\u00f3 th\u1ec3 ch\u1ecdn t\u1eeb nh\u1eefng background \u0111\u01a1n gi\u1ea3n nh\u01b0 m\u1ed9t b\u1ee9c t\u01b0\u1eddng tr\u1eafng \u0111\u1ebfn nh\u1eefng background ph\u1ee9c t\u1ea1p nh\u01b0 m\u1ed9t th\u00e0nh ph\u1ed1 t\u01b0\u01a1ng lai.<br>L\u1ee3i \u00edch: T\u0103ng t\u00ednh s\u00e1ng t\u1ea1o, t\u1ea1o ra nh\u1eefng h\u00ecnh \u1ea3nh \u0111a d\u1ea1ng v\u00e0 phong ph\u00fa.<br>V\u00ed d\u1ee5: B\u1ea1n c\u00f3 m\u1ed9t h\u00ecnh \u1ea3nh nh\u00e2n v\u1eadt \u0111ang \u0111\u1ee9ng m\u1ed9t m\u00ecnh, c\u00f4ng c\u1ee5 s\u1ebd g\u1ee3i \u00fd nh\u1eefng Background nh\u01b0: \u201cA bustling city street\u201d, \u201cA serene beach at sunset\u201d, \u201cA magical forest\u201d.<br>\u603b\u7ed3\uff1a<br>V\u1edbi s\u1ef1 h\u1ed7 tr\u1ee3 c\u1ee7a c\u00e1c c\u00f4ng c\u1ee5 AI n\u00e0y, qu\u00e1 tr\u00ecnh s\u00e1ng t\u1ea1o h\u00ecnh \u1ea3nh c\u1ee7a b\u1ea1n s\u1ebd tr\u1edf n\u00ean d\u1ec5 d\u00e0ng v\u00e0 th\u00fa v\u1ecb h\u01a1n bao gi\u1edd h\u1ebft. B\u1ea1n c\u00f3 th\u1ec3 tho\u1ea3i m\u00e1i th\u1eed nghi\u1ec7m v\u00e0 kh\u00e1m ph\u00e1 nh\u1eefng kh\u1ea3 n\u0103ng v\u00f4 h\u1ea1n c\u1ee7a AI \u0111\u1ec3 t\u1ea1o ra nh\u1eefng t\u00e1c ph\u1ea9m ngh\u1ec7 thu\u1eadt \u0111\u1ed9c \u0111\u00e1o v\u00e0 \u1ea5n t\u01b0\u1ee3ng.<\/p>\t\t\t\t\t\t\t\t<\/div>\n\t\t\t\t<\/div>\n\t\t\t\t\t<\/div>\n\t\t\t\t<\/div>\n\t\t\t\t<\/div>","protected":false},"excerpt":{"rendered":"<p>S\u1eed d\u1ee5ng toolAi T\u1ea1o Prompt T\u1eeb H\u00ecnh \u1ea2nh S\u1eed d\u1ee5ng toolAI Thay \u0110\u1ed5i C\u00e1ch T\u1ea1o D\u00e1ng S\u1eed d\u1ee5ng toolAI Thay \u0110\u1ed5i Trang Ph\u1ee5c S\u1eed d\u1ee5ng toolAI Thay \u0110\u1ed5i B\u1ed1i C\u1ea3nh BackgroundB\u1ea1n l\u00e0 m\u1ed9t ng\u01b0\u1eddi y\u00eau th\u00edch ngh\u1ec7 thu\u1eadt, mu\u1ed1n t\u1ea1o ra nh\u1eefng h\u00ecnh \u1ea3nh \u0111\u1ed9c \u0111\u00e1o v\u00e0 \u1ea5n t\u01b0\u1ee3ng b\u1eb1ng AI nh\u01b0ng v\u1eabn c\u00f2n g\u1eb7p [&hellip;]<\/p>","protected":false},"author":1,"featured_media":16415,"parent":0,"menu_order":0,"comment_status":"closed","ping_status":"closed","template":"","meta":{"_acf_changed":false,"footnotes":""},"class_list":["post-16092","page","type-page","status-publish","has-post-thumbnail","hentry"],"acf":[],"rankmath_keywords":{"primary":"","secondary":[""]},"yoast_keywords":{"primary":"","secondary":[]},"yoast_focuskw":"","rankmath_focuskw":"","seo_keywords":{"primary":"","secondary":[""]},"_links":{"self":[{"href":"https:\/\/dps.media\/zh\/wp-json\/wp\/v2\/pages\/16092","targetHints":{"allow":["GET"]}}],"collection":[{"href":"https:\/\/dps.media\/zh\/wp-json\/wp\/v2\/pages"}],"about":[{"href":"https:\/\/dps.media\/zh\/wp-json\/wp\/v2\/types\/page"}],"author":[{"embeddable":true,"href":"https:\/\/dps.media\/zh\/wp-json\/wp\/v2\/users\/1"}],"replies":[{"embeddable":true,"href":"https:\/\/dps.media\/zh\/wp-json\/wp\/v2\/comments?post=16092"}],"version-history":[{"count":0,"href":"https:\/\/dps.media\/zh\/wp-json\/wp\/v2\/pages\/16092\/revisions"}],"wp:featuredmedia":[{"embeddable":true,"href":"https:\/\/dps.media\/zh\/wp-json\/wp\/v2\/media\/16415"}],"wp:attachment":[{"href":"https:\/\/dps.media\/zh\/wp-json\/wp\/v2\/media?parent=16092"}],"curies":[{"name":"wp","href":"https:\/\/api.w.org\/{rel}","templated":true}]}}