{"id":16040,"date":"2024-12-15T14:14:13","date_gmt":"2024-12-15T07:14:13","guid":{"rendered":"https:\/\/dps.media\/?page_id=16040"},"modified":"2024-12-15T16:23:18","modified_gmt":"2024-12-15T09:23:18","slug":"ai%e5%b7%a5%e5%85%b7%e6%94%af%e6%8c%81%e5%b9%bf%e5%91%8a%e4%bc%98%e5%8c%96","status":"publish","type":"page","link":"https:\/\/dps.media\/zh\/ai%e5%b7%a5%e5%85%b7%e6%94%af%e6%8c%81%e5%b9%bf%e5%91%8a%e4%bc%98%e5%8c%96\/","title":{"rendered":"AI\u5e7f\u544a\u4f18\u5316\u5de5\u5177"},"content":{"rendered":"<?xml encoding=\"utf-8\" ?><?xml encoding=\"utf-8\" ?><div data-elementor-type=\"wp-page\" data-elementor-id=\"16040\" class=\"elementor elementor-16040\" data-elementor-post-type=\"page\">\n\t\t\t\t\t\t<section class=\"elementor-section elementor-top-section elementor-element elementor-element-3441795 elementor-section-full_width elementor-section-height-default elementor-section-height-default\" data-id=\"3441795\" data-element_type=\"section\">\n\t\t\t\t\t\t<div class=\"elementor-container elementor-column-gap-custom\">\n\t\t\t\t\t<div class=\"elementor-column elementor-col-50 elementor-top-column elementor-element elementor-element-f290df4\" data-id=\"f290df4\" data-element_type=\"column\">\n\t\t\t<div class=\"elementor-widget-wrap elementor-element-populated\">\n\t\t\t\t\t\t<div class=\"elementor-element elementor-element-7c6d54b elementor-widget elementor-widget-bin-megamenu\" data-id=\"7c6d54b\" data-element_type=\"widget\" data-widget_type=\"bin-megamenu.default\">\n\t\t\t\t<div class=\"elementor-widget-container\">\n\t\t\t\t\t<?xml encoding=\"utf-8\" ?><div class=\"hap-megamenu-item position-relative\">\n            <div class=\"hap-megamenu-item-btn position-relative\">\n                                    <img decoding=\"async\" src=\"https:\/\/dps.media\/wp-content\/uploads\/2024\/11\/chan-dung-khach-hang.png\" alt=\"\" title=\"\">\n                                <div class=\"hap-menu-btn-grp text-center\">\n                                        <a target=\"_blank\" href=\"https:\/\/dps.media\/zh\/%e4%ba%ba%e5%b7%a5%e6%99%ba%e8%83%bd%e5%9c%a8%e8%90%a5%e9%94%80%e4%b8%ad%e7%9a%84%e5%ba%94%e7%94%a8%e5%b7%a5%e5%85%b7\/ai-phan-tich-chan-dung-khach-hang\/\">\u4f7f\u7528\u5de5\u5177<\/a>\n                    \n                    \n                <\/div>\n            <\/div>\n            <h3>AI\u5ba2\u6237\u753b\u50cf<\/h3>\n        <\/div>\n\t\t\t\t<\/div>\n\t\t\t\t<\/div>\n\t\t\t\t\t<\/div>\n\t\t<\/div>\n\t\t\t\t<div class=\"elementor-column elementor-col-50 elementor-top-column elementor-element elementor-element-7ddb1be\" data-id=\"7ddb1be\" data-element_type=\"column\">\n\t\t\t<div class=\"elementor-widget-wrap elementor-element-populated\">\n\t\t\t\t\t\t<div class=\"elementor-element elementor-element-14b50e2 elementor-widget elementor-widget-bin-megamenu\" data-id=\"14b50e2\" data-element_type=\"widget\" data-widget_type=\"bin-megamenu.default\">\n\t\t\t\t<div class=\"elementor-widget-container\">\n\t\t\t\t\t<?xml encoding=\"utf-8\" ?><div class=\"hap-megamenu-item position-relative\">\n            <div class=\"hap-megamenu-item-btn position-relative\">\n                                    <img decoding=\"async\" src=\"https:\/\/dps.media\/wp-content\/uploads\/2024\/11\/tu-khoa.png\" alt=\"\" title=\"\">\n                                <div class=\"hap-menu-btn-grp text-center\">\n                                        <a target=\"_blank\" href=\"https:\/\/dps.media\/zh\/%e4%ba%ba%e5%b7%a5%e6%99%ba%e8%83%bd%e5%9c%a8%e8%90%a5%e9%94%80%e4%b8%ad%e7%9a%84%e5%ba%94%e7%94%a8%e5%b7%a5%e5%85%b7\/ai-nghien-cuu-va-de-xuat-tu-khoa\/\">\u4f7f\u7528\u5de5\u5177<\/a>\n                    \n                    \n                <\/div>\n            <\/div>\n            <h3>AI\u5173\u952e\u8bcd\u7814\u7a76<\/h3>\n        <\/div>\n\t\t\t\t<\/div>\n\t\t\t\t<\/div>\n\t\t\t\t\t<\/div>\n\t\t<\/div>\n\t\t\t\t\t<\/div>\n\t\t<\/section>\n\t\t\t\t<section class=\"elementor-section elementor-top-section elementor-element elementor-element-c40c225 elementor-section-full_width elementor-section-height-default elementor-section-height-default\" data-id=\"c40c225\" data-element_type=\"section\">\n\t\t\t\t\t\t<div class=\"elementor-container elementor-column-gap-custom\">\n\t\t\t\t\t<div class=\"elementor-column elementor-col-50 elementor-top-column elementor-element elementor-element-9351127\" data-id=\"9351127\" data-element_type=\"column\">\n\t\t\t<div class=\"elementor-widget-wrap elementor-element-populated\">\n\t\t\t\t\t\t<div class=\"elementor-element elementor-element-8d9d6bf elementor-widget elementor-widget-bin-megamenu\" data-id=\"8d9d6bf\" data-element_type=\"widget\" data-widget_type=\"bin-megamenu.default\">\n\t\t\t\t<div class=\"elementor-widget-container\">\n\t\t\t\t\t<?xml encoding=\"utf-8\" ?><div class=\"hap-megamenu-item position-relative\">\n            <div class=\"hap-megamenu-item-btn position-relative\">\n                                    <img decoding=\"async\" src=\"https:\/\/dps.media\/wp-content\/uploads\/2024\/11\/tieu-de-dai.png\" alt=\"\" title=\"\">\n                                <div class=\"hap-menu-btn-grp text-center\">\n                                        <a target=\"_blank\" href=\"https:\/\/dps.media\/zh\/%e4%ba%ba%e5%b7%a5%e6%99%ba%e8%83%bd%e5%9c%a8%e8%90%a5%e9%94%80%e4%b8%ad%e7%9a%84%e5%ba%94%e7%94%a8%e5%b7%a5%e5%85%b7\/ai-viet-tieu-de-quang-cao-dai\/\">\u4f7f\u7528\u5de5\u5177<\/a>\n                    \n                    \n                <\/div>\n            <\/div>\n            <h3>AI\u521b\u5efa\u957f\u5e7f\u544a\u6807\u9898<\/h3>\n        <\/div>\n\t\t\t\t<\/div>\n\t\t\t\t<\/div>\n\t\t\t\t\t<\/div>\n\t\t<\/div>\n\t\t\t\t<div class=\"elementor-column elementor-col-50 elementor-top-column elementor-element elementor-element-294ab3c\" data-id=\"294ab3c\" data-element_type=\"column\">\n\t\t\t<div class=\"elementor-widget-wrap elementor-element-populated\">\n\t\t\t\t\t\t<div class=\"elementor-element elementor-element-0b97129 elementor-widget elementor-widget-bin-megamenu\" data-id=\"0b97129\" data-element_type=\"widget\" data-widget_type=\"bin-megamenu.default\">\n\t\t\t\t<div class=\"elementor-widget-container\">\n\t\t\t\t\t<?xml encoding=\"utf-8\" ?><div class=\"hap-megamenu-item position-relative\">\n            <div class=\"hap-megamenu-item-btn position-relative\">\n                                    <img decoding=\"async\" src=\"https:\/\/dps.media\/wp-content\/uploads\/2024\/11\/tieu-de-ngan.png\" alt=\"\" title=\"\">\n                                <div class=\"hap-menu-btn-grp text-center\">\n                                        <a target=\"_blank\" href=\"https:\/\/dps.media\/zh\/%e4%ba%ba%e5%b7%a5%e6%99%ba%e8%83%bd%e5%9c%a8%e8%90%a5%e9%94%80%e4%b8%ad%e7%9a%84%e5%ba%94%e7%94%a8%e5%b7%a5%e5%85%b7\/ai-viet-tieu-de-quang-cao-ngan\/\">\u4f7f\u7528\u5de5\u5177<\/a>\n                    \n                    \n                <\/div>\n            <\/div>\n            <h3>AI\u521b\u5efa\u77ed\u5e7f\u544a\u6807\u9898<\/h3>\n        <\/div>\n\t\t\t\t<\/div>\n\t\t\t\t<\/div>\n\t\t\t\t\t<\/div>\n\t\t<\/div>\n\t\t\t\t\t<\/div>\n\t\t<\/section>\n\t\t<div class=\"elementor-element elementor-element-6cba1c3 e-flex e-con-boxed e-con e-parent\" data-id=\"6cba1c3\" data-element_type=\"container\">\n\t\t\t\t\t<div class=\"e-con-inner\">\n\t\t\t\t<div class=\"elementor-element elementor-element-5ad7133 elementor-widget elementor-widget-text-editor\" data-id=\"5ad7133\" data-element_type=\"widget\" data-widget_type=\"text-editor.default\">\n\t\t\t\t<div class=\"elementor-widget-container\">\n\t\t\t\t\t<?xml encoding=\"utf-8\" ?><h2>C\u00f4ng c\u1ee5 AI \u2013 B\u00ed quy\u1ebft t\u1ed1i \u01b0u qu\u1ea3ng c\u00e1o hi\u1ec7u qu\u1ea3<\/h2><p>\u5728\u6570\u5b57\u65f6\u4ee3\uff0c\u5728\u7ebf\u5e7f\u544a\u7a7a\u95f4\u7684\u7ade\u4e89\u65e5\u76ca\u6fc0\u70c8\u3002\u8981\u521b\u5efa\u6210\u529f\u7684\u5e7f\u544a\u6d3b\u52a8\uff0c\u4f01\u4e1a\u9700\u8981\u5f3a\u5927\u800c\u6709\u6548\u7684\u652f\u6301\u5de5\u5177\u3002\u4eba\u5de5\u667a\u80fd\uff08AI\uff09\u6b63\u662f\u8fd9\u4e9b\u9700\u6c42\u7684\u7b54\u6848\u3002\u51ed\u501f\u5206\u6790\u6d77\u91cf\u6570\u636e\u548c\u81ea\u52a8\u5316\u4efb\u52a1\u7684\u80fd\u529b\uff0cAI\u6b63\u5728\u9769\u547d\u6027\u5730\u6539\u53d8\u5e7f\u544a\u884c\u4e1a\uff0c\u5e2e\u52a9\u4f01\u4e1a\u4f18\u5316\u5e7f\u544a\u6d3b\u52a8\u5e76\u5b9e\u73b0\u6700\u9ad8\u6548\u679c\u3002<\/p><h4><a href=\"https:\/\/dps.media\/zh\/ai%e5%b7%a5%e5%85%b7%e6%94%af%e6%8c%81%e5%b9%bf%e5%91%8a%e4%bc%98%e5%8c%96\/\">AI\u5e7f\u544a\u4f18\u5316\u5de5\u5177<\/a><\/h4><p>\u76ee\u524d\uff0c\u6709\u8bb8\u591aAI\u5de5\u5177\u88ab\u5f00\u53d1\u7528\u4e8e\u652f\u6301\u5e7f\u544a\u6d3b\u52a8\uff0c\u5176\u4e2d\u5305\u62ec\uff1a<\/p><h5>AI\u5ba2\u6237\u753b\u50cf\uff1a<\/h5><p>\u8fd9\u4e2a\u5de5\u5177\u5e2e\u52a9\u4f01\u4e1a\u6784\u5efa\u76ee\u6807\u5ba2\u6237\u7684\u8be6\u7ec6\u753b\u50cf\uff0c\u5305\u62ec\u5174\u8da3\u3001\u8d2d\u7269\u884c\u4e3a\u548c\u4eba\u53e3\u7edf\u8ba1\u7279\u5f81\u3002\u56e0\u6b64\uff0c\u4f01\u4e1a\u53ef\u4ee5\u521b\u5efa\u66f4\u52a0\u5408\u9002\u548c\u4e2a\u6027\u5316\u7684\u5e7f\u544a\u4fe1\u606f\u3002<\/p><h5><br>AI\u5173\u952e\u8bcd\u7814\u7a76\uff1a<\/h5><p>AI\u5e2e\u52a9\u4f01\u4e1a\u641c\u7d22\u548c\u5206\u6790\u4e0e\u5176\u4ea7\u54c1\/\u670d\u52a1\u76f8\u5173\u7684\u5173\u952e\u8bcd\u3002\u8fd9\u6837\uff0c\u4f01\u4e1a\u53ef\u4ee5\u9009\u62e9\u6700\u6709\u6f5c\u529b\u7684\u5173\u952e\u8bcd\u6765\u7cbe\u51c6\u5b9a\u4f4d\u76ee\u6807\u5ba2\u6237\u3002<\/p><h5><br>AI\u521b\u5efa\u957f\u5e7f\u544a\u6807\u9898\uff1a<\/h5><p>\u8fd9\u4e2a\u5de5\u5177\u81ea\u52a8\u521b\u5efa\u5438\u5f15\u4eba\u7684\u957f\u6807\u9898\uff0c\u6709\u52a9\u4e8e\u63d0\u9ad8\u5e7f\u544a\u7684\u70b9\u51fb\u7387\uff08CTR\uff09\u3002<\/p><h5><br>AI\u521b\u5efa\u77ed\u5e7f\u544a\u6807\u9898\uff1a<\/h5><p>\u4e0e\u957f\u6807\u9898\u7c7b\u4f3c\uff0cAI\u4e5f\u53ef\u4ee5\u521b\u5efa\u7b80\u6d01\u800c\u4ee4\u4eba\u5370\u8c61\u6df1\u523b\u7684\u77ed\u6807\u9898\uff0c\u4f7f\u5e7f\u544a\u5728\u6210\u5343\u4e0a\u4e07\u7684\u5e7f\u544a\u4e2d\u8131\u9896\u800c\u51fa\u3002<br>\u5728\u5e7f\u544a\u4e2d\u4f7f\u7528AI\u5de5\u5177\u7684\u597d\u5904<\/p><p>\u63d0\u9ad8\u5e7f\u544a\u6548\u679c\uff1a\u51ed\u501f\u6570\u636e\u5206\u6790\u548c\u81ea\u52a8\u5316\u80fd\u529b\uff0cAI\u5e2e\u52a9\u4f01\u4e1a\u4f18\u5316\u5e7f\u544a\u6d3b\u52a8\uff0c\u4ece\u800c\u63d0\u9ad8\u8f6c\u5316\u7387\u5e76\u964d\u4f4e\u5e7f\u544a\u6210\u672c\u3002<br>\u8282\u7701\u65f6\u95f4\u548c\u7cbe\u529b\uff1a\u521b\u5efa\u5e7f\u544a\u5185\u5bb9\u3001\u7814\u7a76\u5173\u952e\u8bcd\u548c\u5206\u6790\u6570\u636e\u7684\u5de5\u4f5c\u5c06\u88ab\u81ea\u52a8\u5316\uff0c\u5e2e\u52a9\u4f01\u4e1a\u8282\u7701\u65f6\u95f4\u548c\u7cbe\u529b\u3002<br>\u63d0\u9ad8\u4e2a\u6027\u5316\uff1aAI\u5e2e\u52a9\u4f01\u4e1a\u521b\u5efa\u9002\u5408\u6bcf\u4e2a\u5ba2\u6237\u7684\u4e2a\u6027\u5316\u5e7f\u544a\u4fe1\u606f\uff0c\u4ece\u800c\u63d0\u9ad8\u4e92\u52a8\u548c\u8f6c\u5316\u80fd\u529b\u3002<br>\u505a\u51fa\u66f4\u51c6\u786e\u7684\u51b3\u7b56\uff1a\u57fa\u4e8e\u5206\u6790\u6570\u636e\uff0cAI\u5e2e\u52a9\u4f01\u4e1a\u505a\u51fa\u66f4\u51c6\u786e\u7684\u5e7f\u544a\u7b56\u7565\u51b3\u7b56\u3002<br>\u603b\u7ed3<\/p><p>AI\u5de5\u5177\u6b63\u65e5\u76ca\u6210\u4e3a\u73b0\u4ee3\u5e7f\u544a\u6d3b\u52a8\u4e2d\u4e0d\u53ef\u6216\u7f3a\u7684\u4e00\u90e8\u5206\u3002\u51ed\u501f\u6df1\u5165\u7684\u6570\u636e\u5206\u6790\u548c\u81ea\u52a8\u5316\u4efb\u52a1\u7684\u80fd\u529b\uff0cAI\u5e2e\u52a9\u4f01\u4e1a\u4f18\u5316\u5e7f\u544a\u6548\u679c\u5e76\u5b9e\u73b0\u4e1a\u52a1\u76ee\u6807\u3002<\/p>\n\t\t\t\t<\/div>\n\t\t\t\t<\/div>\n\t\t\t\t\t<\/div>\n\t\t\t\t<\/div>\n\t\t\t\t<\/div>","protected":false},"excerpt":{"rendered":"<p>S\u1eed d\u1ee5ng toolAI Ch\u00e2n Dung Kh\u00e1ch H\u00e0ng S\u1eed d\u1ee5ng toolAI Nghi\u00ean C\u1ee9u T\u1eeb Kh\u00f3a S\u1eed d\u1ee5ng toolAI T\u1ea1o Ti\u00eau \u0110\u1ec1 D\u00e0i Ads S\u1eed d\u1ee5ng toolAI T\u1ea1o Ti\u00eau \u0110\u1ec1 Ng\u1eafn AdsC\u00f4ng c\u1ee5 AI \u2013 B\u00ed quy\u1ebft t\u1ed1i \u01b0u qu\u1ea3ng c\u00e1o hi\u1ec7u qu\u1ea3Trong k\u1ef7 nguy\u00ean s\u1ed1, vi\u1ec7c c\u1ea1nh tranh trong kh\u00f4ng gian qu\u1ea3ng c\u00e1o tr\u1ef1c tuy\u1ebfn ng\u00e0y [&hellip;]<\/p>","protected":false},"author":1,"featured_media":16070,"parent":0,"menu_order":0,"comment_status":"closed","ping_status":"closed","template":"","meta":{"_acf_changed":false,"footnotes":""},"class_list":["post-16040","page","type-page","status-publish","has-post-thumbnail","hentry"],"acf":[],"rankmath_keywords":{"primary":"","secondary":[""]},"yoast_keywords":{"primary":"","secondary":[]},"yoast_focuskw":"","rankmath_focuskw":"","seo_keywords":{"primary":"","secondary":[""]},"_links":{"self":[{"href":"https:\/\/dps.media\/zh\/wp-json\/wp\/v2\/pages\/16040","targetHints":{"allow":["GET"]}}],"collection":[{"href":"https:\/\/dps.media\/zh\/wp-json\/wp\/v2\/pages"}],"about":[{"href":"https:\/\/dps.media\/zh\/wp-json\/wp\/v2\/types\/page"}],"author":[{"embeddable":true,"href":"https:\/\/dps.media\/zh\/wp-json\/wp\/v2\/users\/1"}],"replies":[{"embeddable":true,"href":"https:\/\/dps.media\/zh\/wp-json\/wp\/v2\/comments?post=16040"}],"version-history":[{"count":0,"href":"https:\/\/dps.media\/zh\/wp-json\/wp\/v2\/pages\/16040\/revisions"}],"wp:featuredmedia":[{"embeddable":true,"href":"https:\/\/dps.media\/zh\/wp-json\/wp\/v2\/media\/16070"}],"wp:attachment":[{"href":"https:\/\/dps.media\/zh\/wp-json\/wp\/v2\/media?parent=16040"}],"curies":[{"name":"wp","href":"https:\/\/api.w.org\/{rel}","templated":true}]}}