{"id":16092,"date":"2024-12-15T22:53:04","date_gmt":"2024-12-15T15:53:04","guid":{"rendered":"https:\/\/dps.media\/?page_id=16092"},"modified":"2024-12-16T10:08:26","modified_gmt":"2024-12-16T03:08:26","slug":"ai-tool-supports-midjourney-stable-diffusion-comfyui-shakker","status":"publish","type":"page","link":"https:\/\/dps.media\/en\/ai-tool-supports-midjourney-stable-diffusion-comfyui-shakker\/","title":{"rendered":"AI Tools Supporting Midjourney, Stable Diffusion, ComfyUI, Shakker\u2026"},"content":{"rendered":"<?xml encoding=\"utf-8\" ?><?xml encoding=\"utf-8\" ?><div data-elementor-type=\"wp-page\" data-elementor-id=\"16092\" class=\"elementor elementor-16092\" data-elementor-post-type=\"page\">\n\t\t\t\t\t\t<section class=\"elementor-section elementor-top-section elementor-element elementor-element-3441795 elementor-section-full_width elementor-section-height-default elementor-section-height-default\" data-id=\"3441795\" data-element_type=\"section\">\n\t\t\t\t\t\t<div class=\"elementor-container elementor-column-gap-custom\">\n\t\t\t\t\t<div class=\"elementor-column elementor-col-50 elementor-top-column elementor-element elementor-element-f290df4\" data-id=\"f290df4\" data-element_type=\"column\">\n\t\t\t<div class=\"elementor-widget-wrap elementor-element-populated\">\n\t\t\t\t\t\t<div class=\"elementor-element elementor-element-7c6d54b elementor-widget elementor-widget-bin-megamenu\" data-id=\"7c6d54b\" data-element_type=\"widget\" data-widget_type=\"bin-megamenu.default\">\n\t\t\t\t<div class=\"elementor-widget-container\">\n\t\t\t\t\t<?xml encoding=\"utf-8\" ?><div class=\"hap-megamenu-item position-relative\">\n            <div class=\"hap-megamenu-item-btn position-relative\">\n                                    <img decoding=\"async\" src=\"https:\/\/dps.media\/wp-content\/uploads\/2024\/12\/prompt.png\" alt=\"\" title=\"\">\n                                <div class=\"hap-menu-btn-grp text-center\">\n                                        <a target=\"_blank\" href=\"https:\/\/dps.media\/en\/ai-mo-ta-hinh-anh\/\">Use tool<\/a>\n                    \n                    \n                <\/div>\n            <\/div>\n            <h3>AI Generate Prompt From Image<\/h3>\n        <\/div>\n\t\t\t\t<\/div>\n\t\t\t\t<\/div>\n\t\t\t\t\t<\/div>\n\t\t<\/div>\n\t\t\t\t<div class=\"elementor-column elementor-col-50 elementor-top-column elementor-element elementor-element-7ddb1be\" data-id=\"7ddb1be\" data-element_type=\"column\">\n\t\t\t<div class=\"elementor-widget-wrap elementor-element-populated\">\n\t\t\t\t\t\t<div class=\"elementor-element elementor-element-14b50e2 elementor-widget elementor-widget-bin-megamenu\" data-id=\"14b50e2\" data-element_type=\"widget\" data-widget_type=\"bin-megamenu.default\">\n\t\t\t\t<div class=\"elementor-widget-container\">\n\t\t\t\t\t<?xml encoding=\"utf-8\" ?><div class=\"hap-megamenu-item position-relative\">\n            <div class=\"hap-megamenu-item-btn position-relative\">\n                                    <img decoding=\"async\" src=\"https:\/\/dps.media\/wp-content\/uploads\/2024\/12\/tao-dang.png\" alt=\"\" title=\"\">\n                                <div class=\"hap-menu-btn-grp text-center\">\n                                        <a target=\"_blank\" href=\"https:\/\/dps.media\/en\/ai-thay-doi-cach-tao-dang\/\">Use tool<\/a>\n                    \n                    \n                <\/div>\n            <\/div>\n            <h3>AI Change Pose<\/h3>\n        <\/div>\n\t\t\t\t<\/div>\n\t\t\t\t<\/div>\n\t\t\t\t\t<\/div>\n\t\t<\/div>\n\t\t\t\t\t<\/div>\n\t\t<\/section>\n\t\t\t\t<section class=\"elementor-section elementor-top-section elementor-element elementor-element-c40c225 elementor-section-full_width elementor-section-height-default elementor-section-height-default\" data-id=\"c40c225\" data-element_type=\"section\">\n\t\t\t\t\t\t<div class=\"elementor-container elementor-column-gap-custom\">\n\t\t\t\t\t<div class=\"elementor-column elementor-col-50 elementor-top-column elementor-element elementor-element-9351127\" data-id=\"9351127\" data-element_type=\"column\">\n\t\t\t<div class=\"elementor-widget-wrap elementor-element-populated\">\n\t\t\t\t\t\t<div class=\"elementor-element elementor-element-8d9d6bf elementor-widget elementor-widget-bin-megamenu\" data-id=\"8d9d6bf\" data-element_type=\"widget\" data-widget_type=\"bin-megamenu.default\">\n\t\t\t\t<div class=\"elementor-widget-container\">\n\t\t\t\t\t<?xml encoding=\"utf-8\" ?><div class=\"hap-megamenu-item position-relative\">\n            <div class=\"hap-megamenu-item-btn position-relative\">\n                                    <img decoding=\"async\" src=\"https:\/\/dps.media\/wp-content\/uploads\/2024\/12\/trang-phuc.png\" alt=\"\" title=\"\">\n                                <div class=\"hap-menu-btn-grp text-center\">\n                                        <a target=\"_blank\" href=\"https:\/\/dps.media\/en\/ai-thay-doi-trang-phuc\/\">Use tool<\/a>\n                    \n                    \n                <\/div>\n            <\/div>\n            <h3>AI Change Outfit<\/h3>\n        <\/div>\n\t\t\t\t<\/div>\n\t\t\t\t<\/div>\n\t\t\t\t\t<\/div>\n\t\t<\/div>\n\t\t\t\t<div class=\"elementor-column elementor-col-50 elementor-top-column elementor-element elementor-element-294ab3c\" data-id=\"294ab3c\" data-element_type=\"column\">\n\t\t\t<div class=\"elementor-widget-wrap elementor-element-populated\">\n\t\t\t\t\t\t<div class=\"elementor-element elementor-element-0b97129 elementor-widget elementor-widget-bin-megamenu\" data-id=\"0b97129\" data-element_type=\"widget\" data-widget_type=\"bin-megamenu.default\">\n\t\t\t\t<div class=\"elementor-widget-container\">\n\t\t\t\t\t<?xml encoding=\"utf-8\" ?><div class=\"hap-megamenu-item position-relative\">\n            <div class=\"hap-megamenu-item-btn position-relative\">\n                                    <img decoding=\"async\" src=\"https:\/\/dps.media\/wp-content\/uploads\/2024\/12\/background.png\" alt=\"\" title=\"\">\n                                <div class=\"hap-menu-btn-grp text-center\">\n                                        <a target=\"_blank\" href=\"https:\/\/dps.media\/en\/ai-thay-doi-boi-canh-background\/\">Use tool<\/a>\n                    \n                    \n                <\/div>\n            <\/div>\n            <h3>AI Change Background<\/h3>\n        <\/div>\n\t\t\t\t<\/div>\n\t\t\t\t<\/div>\n\t\t\t\t\t<\/div>\n\t\t<\/div>\n\t\t\t\t\t<\/div>\n\t\t<\/section>\n\t\t<div class=\"elementor-element elementor-element-6cba1c3 e-flex e-con-boxed e-con e-parent\" data-id=\"6cba1c3\" data-element_type=\"container\">\n\t\t\t\t\t<div class=\"e-con-inner\">\n\t\t\t\t<div class=\"elementor-element elementor-element-5ad7133 elementor-widget elementor-widget-text-editor\" data-id=\"5ad7133\" data-element_type=\"widget\" data-widget_type=\"text-editor.default\">\n\t\t\t\t<div class=\"elementor-widget-container\">\n\t\t\t\t\t\t\t\t\t<p>Are you an art enthusiast who wants to create unique and impressive images with AI but still struggles with coming up with Prompts, Poses, Outfits, or Backgrounds? Don't worry, this article will introduce you to magical AI tools that help you solve this problem quickly and effectively.<\/p><h5>1. AI Generate Prompt From Image:<\/h5><p><br>Explanation: This tool will help you analyze any image and generate 5 detailed Prompts, which you can then use to create similar images or variations on AI platforms like Midjourney, Stable Diffusion.<br>Benefits: Save time, expand ideas, explore new styles.<br>V\u00ed d\u1ee5: B\u1ea1n c\u00f3 m\u1ed9t b\u1ee9c tranh phong c\u1ea3nh \u0111\u1eb9p, c\u00f4ng c\u1ee5 s\u1ebd t\u1ea1o ra nh\u1eefng Prompt nh\u01b0: \u201cA breathtaking landscape painting, digital art, concept art, hyperrealistic, 8k\u201d.<\/p><h5><br>2. AI Change Pose:<\/h5><p><br>Explanation: With this tool, you just need to provide a character image, and AI will automatically suggest 5 different poses, from simple poses to complex, emotional ones.<br>Benefits: Increase diversity in your works, create unique and attractive images.<br>V\u00ed d\u1ee5: B\u1ea1n c\u00f3 m\u1ed9t h\u00ecnh \u1ea3nh nh\u00e2n v\u1eadt \u0111ang \u0111\u1ee9ng y\u00ean, c\u00f4ng c\u1ee5 s\u1ebd g\u1ee3i \u00fd nh\u1eefng Pose nh\u01b0: \u201cRunning through a field of flowers\u201d, \u201cSitting on a bench, looking out the window\u201d, \u201cDancing in the rain\u201d.<\/p><h5><br>3. AI Change Outfit:<\/h5><p><br>Explanation: This tool will help you automatically change the outfit for the character in the image. You just need to select the desired outfit style, and AI will adjust it automatically.<br>Benefits: Create multiple versions of the same character, suitable for various contexts and stories.<br>V\u00ed d\u1ee5: B\u1ea1n c\u00f3 m\u1ed9t h\u00ecnh \u1ea3nh nh\u00e2n v\u1eadt \u0111ang m\u1eb7c \u0111\u1ed3 th\u01b0\u1eddng ng\u00e0y, c\u00f4ng c\u1ee5 s\u1ebd g\u1ee3i \u00fd nh\u1eefng Outfit nh\u01b0: \u201cA medieval knight\u201d, \u201cA futuristic space explorer\u201d, \u201cA Victorian-era lady\u201d.<\/p><h5><br>4. AI Change Background:<\/h5><p><br>Explanation: This tool will help you completely change the background of an image. You can choose from simple backgrounds like a white wall to complex ones like a futuristic city.<br>Benefits: Increase creativity, generate diverse and rich images.<br>V\u00ed d\u1ee5: B\u1ea1n c\u00f3 m\u1ed9t h\u00ecnh \u1ea3nh nh\u00e2n v\u1eadt \u0111ang \u0111\u1ee9ng m\u1ed9t m\u00ecnh, c\u00f4ng c\u1ee5 s\u1ebd g\u1ee3i \u00fd nh\u1eefng Background nh\u01b0: \u201cA bustling city street\u201d, \u201cA serene beach at sunset\u201d, \u201cA magical forest\u201d.<br>Conclusion:<br>With the support of these AI tools, your image creation process will become easier and more fun than ever. You can freely experiment and explore the infinite possibilities of AI to create unique and impressive artworks.<\/p>\t\t\t\t\t\t\t\t<\/div>\n\t\t\t\t<\/div>\n\t\t\t\t\t<\/div>\n\t\t\t\t<\/div>\n\t\t\t\t<\/div>","protected":false},"excerpt":{"rendered":"<p>S\u1eed d\u1ee5ng toolAi T\u1ea1o Prompt T\u1eeb H\u00ecnh \u1ea2nh S\u1eed d\u1ee5ng toolAI Thay \u0110\u1ed5i C\u00e1ch T\u1ea1o D\u00e1ng S\u1eed d\u1ee5ng toolAI Thay \u0110\u1ed5i Trang Ph\u1ee5c S\u1eed d\u1ee5ng toolAI Thay \u0110\u1ed5i B\u1ed1i C\u1ea3nh BackgroundB\u1ea1n l\u00e0 m\u1ed9t ng\u01b0\u1eddi y\u00eau th\u00edch ngh\u1ec7 thu\u1eadt, mu\u1ed1n t\u1ea1o ra nh\u1eefng h\u00ecnh \u1ea3nh \u0111\u1ed9c \u0111\u00e1o v\u00e0 \u1ea5n t\u01b0\u1ee3ng b\u1eb1ng AI nh\u01b0ng v\u1eabn c\u00f2n g\u1eb7p [&hellip;]<\/p>","protected":false},"author":1,"featured_media":16415,"parent":0,"menu_order":0,"comment_status":"closed","ping_status":"closed","template":"","meta":{"_acf_changed":false,"footnotes":""},"class_list":["post-16092","page","type-page","status-publish","has-post-thumbnail","hentry"],"acf":[],"rankmath_keywords":{"primary":"","secondary":[""]},"yoast_keywords":{"primary":"","secondary":[]},"yoast_focuskw":"","rankmath_focuskw":"","seo_keywords":{"primary":"","secondary":[""]},"_links":{"self":[{"href":"https:\/\/dps.media\/en\/wp-json\/wp\/v2\/pages\/16092","targetHints":{"allow":["GET"]}}],"collection":[{"href":"https:\/\/dps.media\/en\/wp-json\/wp\/v2\/pages"}],"about":[{"href":"https:\/\/dps.media\/en\/wp-json\/wp\/v2\/types\/page"}],"author":[{"embeddable":true,"href":"https:\/\/dps.media\/en\/wp-json\/wp\/v2\/users\/1"}],"replies":[{"embeddable":true,"href":"https:\/\/dps.media\/en\/wp-json\/wp\/v2\/comments?post=16092"}],"version-history":[{"count":0,"href":"https:\/\/dps.media\/en\/wp-json\/wp\/v2\/pages\/16092\/revisions"}],"wp:featuredmedia":[{"embeddable":true,"href":"https:\/\/dps.media\/en\/wp-json\/wp\/v2\/media\/16415"}],"wp:attachment":[{"href":"https:\/\/dps.media\/en\/wp-json\/wp\/v2\/media?parent=16092"}],"curies":[{"name":"wp","href":"https:\/\/api.w.org\/{rel}","templated":true}]}}