{"id":16040,"date":"2024-12-15T14:14:13","date_gmt":"2024-12-15T07:14:13","guid":{"rendered":"https:\/\/dps.media\/?page_id=16040"},"modified":"2024-12-15T16:23:18","modified_gmt":"2024-12-15T09:23:18","slug":"ai-tools-to-support-advertising-optimization","status":"publish","type":"page","link":"https:\/\/dps.media\/en\/ai-tools-to-support-advertising-optimization\/","title":{"rendered":"AI tools to optimize advertising"},"content":{"rendered":"<?xml encoding=\"utf-8\" ?><?xml encoding=\"utf-8\" ?><div data-elementor-type=\"wp-page\" data-elementor-id=\"16040\" class=\"elementor elementor-16040\" data-elementor-post-type=\"page\">\n\t\t\t\t\t\t<section class=\"elementor-section elementor-top-section elementor-element elementor-element-3441795 elementor-section-full_width elementor-section-height-default elementor-section-height-default\" data-id=\"3441795\" data-element_type=\"section\">\n\t\t\t\t\t\t<div class=\"elementor-container elementor-column-gap-custom\">\n\t\t\t\t\t<div class=\"elementor-column elementor-col-50 elementor-top-column elementor-element elementor-element-f290df4\" data-id=\"f290df4\" data-element_type=\"column\">\n\t\t\t<div class=\"elementor-widget-wrap elementor-element-populated\">\n\t\t\t\t\t\t<div class=\"elementor-element elementor-element-7c6d54b elementor-widget elementor-widget-bin-megamenu\" data-id=\"7c6d54b\" data-element_type=\"widget\" data-widget_type=\"bin-megamenu.default\">\n\t\t\t\t<div class=\"elementor-widget-container\">\n\t\t\t\t\t<?xml encoding=\"utf-8\" ?><div class=\"hap-megamenu-item position-relative\">\n            <div class=\"hap-megamenu-item-btn position-relative\">\n                                    <img decoding=\"async\" src=\"https:\/\/dps.media\/wp-content\/uploads\/2024\/11\/chan-dung-khach-hang.png\" alt=\"\" title=\"\">\n                                <div class=\"hap-menu-btn-grp text-center\">\n                                        <a target=\"_blank\" href=\"https:\/\/dps.media\/en\/ai-application-tools-in-marketing\/ai-phan-tich-chan-dung-khach-hang\/\">Use tool<\/a>\n                    \n                    \n                <\/div>\n            <\/div>\n            <h3>AI Customer Profiling<\/h3>\n        <\/div>\n\t\t\t\t<\/div>\n\t\t\t\t<\/div>\n\t\t\t\t\t<\/div>\n\t\t<\/div>\n\t\t\t\t<div class=\"elementor-column elementor-col-50 elementor-top-column elementor-element elementor-element-7ddb1be\" data-id=\"7ddb1be\" data-element_type=\"column\">\n\t\t\t<div class=\"elementor-widget-wrap elementor-element-populated\">\n\t\t\t\t\t\t<div class=\"elementor-element elementor-element-14b50e2 elementor-widget elementor-widget-bin-megamenu\" data-id=\"14b50e2\" data-element_type=\"widget\" data-widget_type=\"bin-megamenu.default\">\n\t\t\t\t<div class=\"elementor-widget-container\">\n\t\t\t\t\t<?xml encoding=\"utf-8\" ?><div class=\"hap-megamenu-item position-relative\">\n            <div class=\"hap-megamenu-item-btn position-relative\">\n                                    <img decoding=\"async\" src=\"https:\/\/dps.media\/wp-content\/uploads\/2024\/11\/tu-khoa.png\" alt=\"\" title=\"\">\n                                <div class=\"hap-menu-btn-grp text-center\">\n                                        <a target=\"_blank\" href=\"https:\/\/dps.media\/en\/ai-application-tools-in-marketing\/ai-nghien-cuu-va-de-xuat-tu-khoa\/\">Use tool<\/a>\n                    \n                    \n                <\/div>\n            <\/div>\n            <h3>AI Keyword Research<\/h3>\n        <\/div>\n\t\t\t\t<\/div>\n\t\t\t\t<\/div>\n\t\t\t\t\t<\/div>\n\t\t<\/div>\n\t\t\t\t\t<\/div>\n\t\t<\/section>\n\t\t\t\t<section class=\"elementor-section elementor-top-section elementor-element elementor-element-c40c225 elementor-section-full_width elementor-section-height-default elementor-section-height-default\" data-id=\"c40c225\" data-element_type=\"section\">\n\t\t\t\t\t\t<div class=\"elementor-container elementor-column-gap-custom\">\n\t\t\t\t\t<div class=\"elementor-column elementor-col-50 elementor-top-column elementor-element elementor-element-9351127\" data-id=\"9351127\" data-element_type=\"column\">\n\t\t\t<div class=\"elementor-widget-wrap elementor-element-populated\">\n\t\t\t\t\t\t<div class=\"elementor-element elementor-element-8d9d6bf elementor-widget elementor-widget-bin-megamenu\" data-id=\"8d9d6bf\" data-element_type=\"widget\" data-widget_type=\"bin-megamenu.default\">\n\t\t\t\t<div class=\"elementor-widget-container\">\n\t\t\t\t\t<?xml encoding=\"utf-8\" ?><div class=\"hap-megamenu-item position-relative\">\n            <div class=\"hap-megamenu-item-btn position-relative\">\n                                    <img decoding=\"async\" src=\"https:\/\/dps.media\/wp-content\/uploads\/2024\/11\/tieu-de-dai.png\" alt=\"\" title=\"\">\n                                <div class=\"hap-menu-btn-grp text-center\">\n                                        <a target=\"_blank\" href=\"https:\/\/dps.media\/en\/ai-application-tools-in-marketing\/ai-viet-tieu-de-quang-cao-dai\/\">Use tool<\/a>\n                    \n                    \n                <\/div>\n            <\/div>\n            <h3>AI Long Ad Title Generator<\/h3>\n        <\/div>\n\t\t\t\t<\/div>\n\t\t\t\t<\/div>\n\t\t\t\t\t<\/div>\n\t\t<\/div>\n\t\t\t\t<div class=\"elementor-column elementor-col-50 elementor-top-column elementor-element elementor-element-294ab3c\" data-id=\"294ab3c\" data-element_type=\"column\">\n\t\t\t<div class=\"elementor-widget-wrap elementor-element-populated\">\n\t\t\t\t\t\t<div class=\"elementor-element elementor-element-0b97129 elementor-widget elementor-widget-bin-megamenu\" data-id=\"0b97129\" data-element_type=\"widget\" data-widget_type=\"bin-megamenu.default\">\n\t\t\t\t<div class=\"elementor-widget-container\">\n\t\t\t\t\t<?xml encoding=\"utf-8\" ?><div class=\"hap-megamenu-item position-relative\">\n            <div class=\"hap-megamenu-item-btn position-relative\">\n                                    <img decoding=\"async\" src=\"https:\/\/dps.media\/wp-content\/uploads\/2024\/11\/tieu-de-ngan.png\" alt=\"\" title=\"\">\n                                <div class=\"hap-menu-btn-grp text-center\">\n                                        <a target=\"_blank\" href=\"https:\/\/dps.media\/en\/ai-application-tools-in-marketing\/ai-viet-tieu-de-quang-cao-ngan\/\">Use tool<\/a>\n                    \n                    \n                <\/div>\n            <\/div>\n            <h3>AI Short Ad Title Generator<\/h3>\n        <\/div>\n\t\t\t\t<\/div>\n\t\t\t\t<\/div>\n\t\t\t\t\t<\/div>\n\t\t<\/div>\n\t\t\t\t\t<\/div>\n\t\t<\/section>\n\t\t<div class=\"elementor-element elementor-element-6cba1c3 e-flex e-con-boxed e-con e-parent\" data-id=\"6cba1c3\" data-element_type=\"container\">\n\t\t\t\t\t<div class=\"e-con-inner\">\n\t\t\t\t<div class=\"elementor-element elementor-element-5ad7133 elementor-widget elementor-widget-text-editor\" data-id=\"5ad7133\" data-element_type=\"widget\" data-widget_type=\"text-editor.default\">\n\t\t\t\t<div class=\"elementor-widget-container\">\n\t\t\t\t\t<?xml encoding=\"utf-8\" ?><h2>C\u00f4ng c\u1ee5 AI \u2013 B\u00ed quy\u1ebft t\u1ed1i \u01b0u qu\u1ea3ng c\u00e1o hi\u1ec7u qu\u1ea3<\/h2><p>In the digital age, competition in the online advertising space is becoming increasingly fierce. To create successful advertising campaigns, businesses need powerful and effective support tools. Artificial Intelligence (AI) is the answer to those requirements. With the ability to analyze massive data and automate tasks, AI is revolutionizing the advertising industry, helping businesses optimize campaigns and achieve the highest effectiveness.<\/p><h4><a href=\"https:\/\/dps.media\/en\/ai-tools-to-support-advertising-optimization\/\">AI tools to optimize advertising<\/a><\/h4><p>Currently, there are many AI tools developed to support advertising activities, including:<\/p><h5>AI Customer Profiling:<\/h5><p>This tool helps businesses build a detailed picture of target customers, including interests, shopping behaviors, and demographic characteristics. From there, businesses can create more suitable and personalized advertising messages.<\/p><h5><br>AI Keyword Research:<\/h5><p>AI helps businesses search and analyze keywords related to their products\/services. Thanks to that, businesses can select the most potential keywords to target the right customer audience.<\/p><h5><br>AI Long Ad Title Generator:<\/h5><p>This tool automatically creates engaging and attractive long titles, helping to increase the click-through rate (CTR) of ads.<\/p><h5><br>AI Short Ad Title Generator:<\/h5><p>Similar to long titles, AI can also create concise and impressive short titles, helping ads stand out among thousands of other ads.<br>Benefits of using AI tools in advertising<\/p><p>Increase advertising effectiveness: Thanks to data analysis and automation capabilities, AI helps businesses optimize advertising campaigns, thereby increasing conversion rates and reducing advertising costs.<br>Save time and effort: Creating advertising content, researching keywords, and analyzing data will be automated, helping businesses save time and effort.<br>Increase personalization: AI helps businesses create advertising messages that are suitable and personalized for each customer, thereby increasing interaction and conversion capabilities.<br>Make more accurate decisions: Based on analysis data, AI helps businesses make more accurate decisions about advertising strategies.<br>Conclusion<\/p><p>AI tools are increasingly becoming an indispensable part of modern advertising campaigns. With deep data analysis capabilities and task automation, AI helps businesses optimize advertising effectiveness and achieve business goals.<\/p>\n\t\t\t\t<\/div>\n\t\t\t\t<\/div>\n\t\t\t\t\t<\/div>\n\t\t\t\t<\/div>\n\t\t\t\t<\/div>","protected":false},"excerpt":{"rendered":"<p>S\u1eed d\u1ee5ng toolAI Ch\u00e2n Dung Kh\u00e1ch H\u00e0ng S\u1eed d\u1ee5ng toolAI Nghi\u00ean C\u1ee9u T\u1eeb Kh\u00f3a S\u1eed d\u1ee5ng toolAI T\u1ea1o Ti\u00eau \u0110\u1ec1 D\u00e0i Ads S\u1eed d\u1ee5ng toolAI T\u1ea1o Ti\u00eau \u0110\u1ec1 Ng\u1eafn AdsC\u00f4ng c\u1ee5 AI \u2013 B\u00ed quy\u1ebft t\u1ed1i \u01b0u qu\u1ea3ng c\u00e1o hi\u1ec7u qu\u1ea3Trong k\u1ef7 nguy\u00ean s\u1ed1, vi\u1ec7c c\u1ea1nh tranh trong kh\u00f4ng gian qu\u1ea3ng c\u00e1o tr\u1ef1c tuy\u1ebfn ng\u00e0y [&hellip;]<\/p>","protected":false},"author":1,"featured_media":16070,"parent":0,"menu_order":0,"comment_status":"closed","ping_status":"closed","template":"","meta":{"_acf_changed":false,"footnotes":""},"class_list":["post-16040","page","type-page","status-publish","has-post-thumbnail","hentry"],"acf":[],"rankmath_keywords":{"primary":"","secondary":[""]},"yoast_keywords":{"primary":"","secondary":[]},"yoast_focuskw":"","rankmath_focuskw":"","seo_keywords":{"primary":"","secondary":[""]},"_links":{"self":[{"href":"https:\/\/dps.media\/en\/wp-json\/wp\/v2\/pages\/16040","targetHints":{"allow":["GET"]}}],"collection":[{"href":"https:\/\/dps.media\/en\/wp-json\/wp\/v2\/pages"}],"about":[{"href":"https:\/\/dps.media\/en\/wp-json\/wp\/v2\/types\/page"}],"author":[{"embeddable":true,"href":"https:\/\/dps.media\/en\/wp-json\/wp\/v2\/users\/1"}],"replies":[{"embeddable":true,"href":"https:\/\/dps.media\/en\/wp-json\/wp\/v2\/comments?post=16040"}],"version-history":[{"count":0,"href":"https:\/\/dps.media\/en\/wp-json\/wp\/v2\/pages\/16040\/revisions"}],"wp:featuredmedia":[{"embeddable":true,"href":"https:\/\/dps.media\/en\/wp-json\/wp\/v2\/media\/16070"}],"wp:attachment":[{"href":"https:\/\/dps.media\/en\/wp-json\/wp\/v2\/media?parent=16040"}],"curies":[{"name":"wp","href":"https:\/\/api.w.org\/{rel}","templated":true}]}}